{"id":828,"date":"2024-11-22T13:50:21","date_gmt":"2024-11-22T12:50:21","guid":{"rendered":"https:\/\/www.merama.de\/?page_id=828"},"modified":"2026-04-16T19:59:20","modified_gmt":"2026-04-16T17:59:20","slug":"wb-elzach","status":"publish","type":"page","link":"https:\/\/www.merama.de\/?page_id=828","title":{"rendered":"WB Elzach"},"content":{"rendered":"\t\t<div data-elementor-type=\"wp-page\" data-elementor-id=\"828\" class=\"elementor elementor-828\">\n\t\t\t\t<div class=\"elementor-element elementor-element-9504b3e e-flex e-con-boxed e-con e-parent\" data-id=\"9504b3e\" data-element_type=\"container\" data-e-type=\"container\">\n\t\t\t\t\t<div class=\"e-con-inner\">\n\t\t\t\t<div class=\"elementor-element elementor-element-d085f37 elementor-widget elementor-widget-shortcode\" data-id=\"d085f37\" data-element_type=\"widget\" data-e-type=\"widget\" data-widget_type=\"shortcode.default\">\n\t\t\t\t<div class=\"elementor-widget-container\">\n\t\t\t\t\t\t\t<div class=\"elementor-shortcode\"><div id=\"metaslider-id-1383\" style=\"max-width: 1920px; margin: 0 auto;\" class=\"ml-slider-3-101-0 metaslider metaslider-flex metaslider-1383 ml-slider has-onhover-arrows ms-theme-cubic nav-hidden\" role=\"region\" aria-label=\"WB_Elzach\" data-height=\"1200\" data-width=\"1920\">\n    <div id=\"metaslider_container_1383\">\n        <div id=\"metaslider_1383\">\n            <ul class='slides'>\n                <li style=\"display: block; width: 100%;\" class=\"slide-1498 ms-image \" aria-roledescription=\"slide\" data-date=\"2024-12-21 20:31:54\"><img fetchpriority=\"high\" decoding=\"async\" width=\"1920\" height=\"1280\" src=\"https:\/\/www.merama.de\/wp-content\/uploads\/2024\/12\/241009-KCO_004.webp\" class=\"slider-1383 slide-1498 msDefaultImage\" alt=\"\" rel=\"\" title=\"241009 KCO_004\" srcset=\"https:\/\/www.merama.de\/wp-content\/uploads\/2024\/12\/241009-KCO_004.webp 1920w, https:\/\/www.merama.de\/wp-content\/uploads\/2024\/12\/241009-KCO_004-300x200.webp 300w, https:\/\/www.merama.de\/wp-content\/uploads\/2024\/12\/241009-KCO_004-1024x683.webp 1024w, https:\/\/www.merama.de\/wp-content\/uploads\/2024\/12\/241009-KCO_004-768x512.webp 768w, https:\/\/www.merama.de\/wp-content\/uploads\/2024\/12\/241009-KCO_004-1536x1024.webp 1536w\" sizes=\"(max-width: 1920px) 100vw, 1920px\" \/><\/li>\n                <li style=\"display: none; width: 100%;\" class=\"slide-1397 ms-image \" aria-roledescription=\"slide\" data-date=\"2024-12-21 19:57:04\"><img decoding=\"async\" width=\"1920\" height=\"1280\" src=\"https:\/\/www.merama.de\/wp-content\/uploads\/2024\/12\/241012_Elzach-Lageplan.webp\" class=\"slider-1383 slide-1397 msDefaultImage\" alt=\"n\" rel=\"\" title=\"241012_Elzach Lageplan\" srcset=\"https:\/\/www.merama.de\/wp-content\/uploads\/2024\/12\/241012_Elzach-Lageplan.webp 1920w, https:\/\/www.merama.de\/wp-content\/uploads\/2024\/12\/241012_Elzach-Lageplan-300x200.webp 300w, https:\/\/www.merama.de\/wp-content\/uploads\/2024\/12\/241012_Elzach-Lageplan-1024x683.webp 1024w, https:\/\/www.merama.de\/wp-content\/uploads\/2024\/12\/241012_Elzach-Lageplan-768x512.webp 768w, https:\/\/www.merama.de\/wp-content\/uploads\/2024\/12\/241012_Elzach-Lageplan-1536x1024.webp 1536w\" sizes=\"(max-width: 1920px) 100vw, 1920px\" \/><\/li>\n                <li style=\"display: none; width: 100%;\" class=\"slide-1399 ms-image \" aria-roledescription=\"slide\" data-date=\"2024-12-21 19:57:04\"><img decoding=\"async\" width=\"1920\" height=\"1280\" src=\"https:\/\/www.merama.de\/wp-content\/uploads\/2024\/12\/241012_Elzach-picto.webp\" class=\"slider-1383 slide-1399 msDefaultImage\" alt=\"n\" rel=\"\" title=\"241012_Elzach picto\" srcset=\"https:\/\/www.merama.de\/wp-content\/uploads\/2024\/12\/241012_Elzach-picto.webp 1920w, https:\/\/www.merama.de\/wp-content\/uploads\/2024\/12\/241012_Elzach-picto-300x200.webp 300w, https:\/\/www.merama.de\/wp-content\/uploads\/2024\/12\/241012_Elzach-picto-1024x683.webp 1024w, https:\/\/www.merama.de\/wp-content\/uploads\/2024\/12\/241012_Elzach-picto-768x512.webp 768w, https:\/\/www.merama.de\/wp-content\/uploads\/2024\/12\/241012_Elzach-picto-1536x1024.webp 1536w\" sizes=\"(max-width: 1920px) 100vw, 1920px\" \/><\/li>\n                <li style=\"display: none; width: 100%;\" class=\"slide-1396 ms-image \" aria-roledescription=\"slide\" data-date=\"2024-12-21 19:57:04\"><img loading=\"lazy\" decoding=\"async\" width=\"1920\" height=\"1280\" src=\"https:\/\/www.merama.de\/wp-content\/uploads\/2024\/12\/241012_Elzach-EG.webp\" class=\"slider-1383 slide-1396 msDefaultImage\" alt=\"n\" rel=\"\" title=\"241012_Elzach EG\" srcset=\"https:\/\/www.merama.de\/wp-content\/uploads\/2024\/12\/241012_Elzach-EG.webp 1920w, https:\/\/www.merama.de\/wp-content\/uploads\/2024\/12\/241012_Elzach-EG-300x200.webp 300w, https:\/\/www.merama.de\/wp-content\/uploads\/2024\/12\/241012_Elzach-EG-1024x683.webp 1024w, https:\/\/www.merama.de\/wp-content\/uploads\/2024\/12\/241012_Elzach-EG-768x512.webp 768w, https:\/\/www.merama.de\/wp-content\/uploads\/2024\/12\/241012_Elzach-EG-1536x1024.webp 1536w\" sizes=\"(max-width: 1920px) 100vw, 1920px\" \/><\/li>\n                <li style=\"display: none; width: 100%;\" class=\"slide-1398 ms-image \" aria-roledescription=\"slide\" data-date=\"2024-12-21 19:57:04\"><img loading=\"lazy\" decoding=\"async\" width=\"1920\" height=\"1280\" src=\"https:\/\/www.merama.de\/wp-content\/uploads\/2024\/12\/241012_Elzach-OG.webp\" class=\"slider-1383 slide-1398 msDefaultImage\" alt=\"n\" rel=\"\" title=\"241012_Elzach OG\" srcset=\"https:\/\/www.merama.de\/wp-content\/uploads\/2024\/12\/241012_Elzach-OG.webp 1920w, https:\/\/www.merama.de\/wp-content\/uploads\/2024\/12\/241012_Elzach-OG-300x200.webp 300w, https:\/\/www.merama.de\/wp-content\/uploads\/2024\/12\/241012_Elzach-OG-1024x683.webp 1024w, https:\/\/www.merama.de\/wp-content\/uploads\/2024\/12\/241012_Elzach-OG-768x512.webp 768w, https:\/\/www.merama.de\/wp-content\/uploads\/2024\/12\/241012_Elzach-OG-1536x1024.webp 1536w\" sizes=\"(max-width: 1920px) 100vw, 1920px\" \/><\/li>\n                <li style=\"display: none; width: 100%;\" class=\"slide-1505 ms-image \" aria-roledescription=\"slide\" data-date=\"2024-12-21 21:17:35\"><img loading=\"lazy\" decoding=\"async\" width=\"1920\" height=\"1280\" src=\"https:\/\/www.merama.de\/wp-content\/uploads\/2024\/12\/querschnitt-2.webp\" class=\"slider-1383 slide-1505 msDefaultImage\" alt=\"n\" rel=\"\" title=\"querschnitt\" srcset=\"https:\/\/www.merama.de\/wp-content\/uploads\/2024\/12\/querschnitt-2.webp 1920w, https:\/\/www.merama.de\/wp-content\/uploads\/2024\/12\/querschnitt-2-300x200.webp 300w, https:\/\/www.merama.de\/wp-content\/uploads\/2024\/12\/querschnitt-2-1024x683.webp 1024w, https:\/\/www.merama.de\/wp-content\/uploads\/2024\/12\/querschnitt-2-768x512.webp 768w, https:\/\/www.merama.de\/wp-content\/uploads\/2024\/12\/querschnitt-2-1536x1024.webp 1536w\" sizes=\"(max-width: 1920px) 100vw, 1920px\" \/><\/li>\n                <li style=\"display: none; width: 100%;\" class=\"slide-1392 ms-image \" aria-roledescription=\"slide\" data-date=\"2024-12-21 19:57:04\"><img loading=\"lazy\" decoding=\"async\" width=\"1920\" height=\"1280\" src=\"https:\/\/www.merama.de\/wp-content\/uploads\/2024\/12\/241012_Elzach-ansicht-schulhof.webp\" class=\"slider-1383 slide-1392 msDefaultImage\" alt=\"n\" rel=\"\" title=\"241012_Elzach ansicht schulhof\" srcset=\"https:\/\/www.merama.de\/wp-content\/uploads\/2024\/12\/241012_Elzach-ansicht-schulhof.webp 1920w, https:\/\/www.merama.de\/wp-content\/uploads\/2024\/12\/241012_Elzach-ansicht-schulhof-300x200.webp 300w, https:\/\/www.merama.de\/wp-content\/uploads\/2024\/12\/241012_Elzach-ansicht-schulhof-1024x683.webp 1024w, https:\/\/www.merama.de\/wp-content\/uploads\/2024\/12\/241012_Elzach-ansicht-schulhof-768x512.webp 768w, https:\/\/www.merama.de\/wp-content\/uploads\/2024\/12\/241012_Elzach-ansicht-schulhof-1536x1024.webp 1536w\" sizes=\"(max-width: 1920px) 100vw, 1920px\" \/><\/li>\n                <li style=\"display: none; width: 100%;\" class=\"slide-1506 ms-image \" aria-roledescription=\"slide\" data-date=\"2024-12-21 21:17:35\"><img loading=\"lazy\" decoding=\"async\" width=\"1920\" height=\"1280\" src=\"https:\/\/www.merama.de\/wp-content\/uploads\/2024\/12\/Seitenansicht.webp\" class=\"slider-1383 slide-1506 msDefaultImage\" alt=\"n\" rel=\"\" title=\"Seitenansicht\" srcset=\"https:\/\/www.merama.de\/wp-content\/uploads\/2024\/12\/Seitenansicht.webp 1920w, https:\/\/www.merama.de\/wp-content\/uploads\/2024\/12\/Seitenansicht-300x200.webp 300w, https:\/\/www.merama.de\/wp-content\/uploads\/2024\/12\/Seitenansicht-1024x683.webp 1024w, https:\/\/www.merama.de\/wp-content\/uploads\/2024\/12\/Seitenansicht-768x512.webp 768w, https:\/\/www.merama.de\/wp-content\/uploads\/2024\/12\/Seitenansicht-1536x1024.webp 1536w\" sizes=\"(max-width: 1920px) 100vw, 1920px\" \/><\/li>\n                <li style=\"display: none; width: 100%;\" class=\"slide-1394 ms-image \" aria-roledescription=\"slide\" data-date=\"2024-12-21 19:57:04\"><img loading=\"lazy\" decoding=\"async\" width=\"1920\" height=\"1280\" src=\"https:\/\/www.merama.de\/wp-content\/uploads\/2024\/12\/241012_Elzach-detailschnitt.webp\" class=\"slider-1383 slide-1394 msDefaultImage\" alt=\"n\" rel=\"\" title=\"241012_Elzach detailschnitt\" srcset=\"https:\/\/www.merama.de\/wp-content\/uploads\/2024\/12\/241012_Elzach-detailschnitt.webp 1920w, https:\/\/www.merama.de\/wp-content\/uploads\/2024\/12\/241012_Elzach-detailschnitt-300x200.webp 300w, https:\/\/www.merama.de\/wp-content\/uploads\/2024\/12\/241012_Elzach-detailschnitt-1024x683.webp 1024w, https:\/\/www.merama.de\/wp-content\/uploads\/2024\/12\/241012_Elzach-detailschnitt-768x512.webp 768w, https:\/\/www.merama.de\/wp-content\/uploads\/2024\/12\/241012_Elzach-detailschnitt-1536x1024.webp 1536w\" sizes=\"(max-width: 1920px) 100vw, 1920px\" \/><\/li>\n                <li style=\"display: none; width: 100%;\" class=\"slide-1502 ms-image \" aria-roledescription=\"slide\" data-date=\"2024-12-21 21:04:35\"><img loading=\"lazy\" decoding=\"async\" width=\"957\" height=\"717\" src=\"https:\/\/www.merama.de\/wp-content\/uploads\/2024\/12\/2024-11-04-11.32.27_Modell2_cropped.jpg\" class=\"slider-1383 slide-1502 msDefaultImage\" alt=\"n\" rel=\"\" title=\"2024-11-04 11.32.27_Modell2_cropped\" srcset=\"https:\/\/www.merama.de\/wp-content\/uploads\/2024\/12\/2024-11-04-11.32.27_Modell2_cropped.jpg 957w, https:\/\/www.merama.de\/wp-content\/uploads\/2024\/12\/2024-11-04-11.32.27_Modell2_cropped-300x225.jpg 300w, https:\/\/www.merama.de\/wp-content\/uploads\/2024\/12\/2024-11-04-11.32.27_Modell2_cropped-768x575.jpg 768w\" sizes=\"(max-width: 957px) 100vw, 957px\" \/><\/li>\n                <li style=\"display: none; width: 100%;\" class=\"slide-1501 ms-image \" aria-roledescription=\"slide\" data-date=\"2024-12-21 21:04:35\"><img loading=\"lazy\" decoding=\"async\" width=\"1092\" height=\"820\" src=\"https:\/\/www.merama.de\/wp-content\/uploads\/2024\/12\/2024-10-30-10.02.52_Modell1_cropped.jpg\" class=\"slider-1383 slide-1501 msDefaultImage\" alt=\"n\" rel=\"\" title=\"2024-10-30 10.02.52_Modell1_cropped\" srcset=\"https:\/\/www.merama.de\/wp-content\/uploads\/2024\/12\/2024-10-30-10.02.52_Modell1_cropped.jpg 1092w, https:\/\/www.merama.de\/wp-content\/uploads\/2024\/12\/2024-10-30-10.02.52_Modell1_cropped-300x225.jpg 300w, https:\/\/www.merama.de\/wp-content\/uploads\/2024\/12\/2024-10-30-10.02.52_Modell1_cropped-1024x769.jpg 1024w, https:\/\/www.merama.de\/wp-content\/uploads\/2024\/12\/2024-10-30-10.02.52_Modell1_cropped-768x577.jpg 768w\" sizes=\"(max-width: 1092px) 100vw, 1092px\" \/><\/li>\n            <\/ul>\n        <\/div>\n        \n    <\/div>\n<\/div><\/div>\n\t\t\t\t\t\t<\/div>\n\t\t\t\t<\/div>\n\t\t\t\t\t<\/div>\n\t\t\t\t<\/div>\n\t\t<div class=\"elementor-element elementor-element-b09762d e-flex e-con-boxed e-con e-parent\" data-id=\"b09762d\" data-element_type=\"container\" data-e-type=\"container\">\n\t\t\t\t\t<div class=\"e-con-inner\">\n\t\t<div class=\"elementor-element elementor-element-82ed20a e-con-full e-flex e-con e-child\" data-id=\"82ed20a\" data-element_type=\"container\" data-e-type=\"container\">\n\t\t\t\t<div class=\"elementor-element elementor-element-5bbd931 elementor-widget elementor-widget-text-editor\" data-id=\"5bbd931\" data-element_type=\"widget\" data-e-type=\"widget\" data-widget_type=\"text-editor.default\">\n\t\t\t\t<div class=\"elementor-widget-container\">\n\t\t\t\t\t\t\t\t\t<p>11\/2024 Wettbewerb<\/p><p>2. Rundgang<\/p><p>BGF 4460 qm, NUF 3025 qm<br \/>CO2 neutral<\/p><p>Bauherr*in: Stadt Elzach<\/p><p>Landschaft: Jetter Landschaftarchitekten BDLA<\/p><p>Energiekonzept: Transsolar Energietechnik GmbH<\/p><p>Perspektive: katharina cordsen illustration<\/p><p>Modell: B\u00e9la Berec Architektur-Modellbau-Gestaltung<\/p>\t\t\t\t\t\t\t\t<\/div>\n\t\t\t\t<\/div>\n\t\t\t\t<\/div>\n\t\t<div class=\"elementor-element elementor-element-3c96e23 e-con-full e-flex e-con e-child\" data-id=\"3c96e23\" data-element_type=\"container\" data-e-type=\"container\">\n\t\t\t\t<div class=\"elementor-element elementor-element-d1edfa6 elementor-widget elementor-widget-text-editor\" data-id=\"d1edfa6\" data-element_type=\"widget\" data-e-type=\"widget\" data-widget_type=\"text-editor.default\">\n\t\t\t\t<div class=\"elementor-widget-container\">\n\t\t\t\t\t\t\t\t\t<p>Das Hauptgeb\u00e4ude aus dem Jahr 1911 pr\u00e4gt das Ortsbild ma\u00dfgeblich und soll in seiner bestehenden Form weitgehend erhalten bleiben. Der Anbau aus dem Jahr 1965 wird erweitert und durch eine neue, klar strukturierte Kubatur architektonisch aufgewertet. So entsteht ein ausgewogenes Zusammenspiel zwischen Alt- und Neubau. Die gegliederten Satteld\u00e4cher des erweiterten Geb\u00e4udes sowie die geplante Holzfassade f\u00fcgen sich harmonisch in die bestehende Umgebung ein.<\/p><p>Ein neuer, transparenter und zur\u00fcckhaltend gestalteter Pavillon verbindet Alt- und Neubau funktional wie gestalterisch und markiert zugleich einen klar definierten Haupteingang. Im Zentrum des erweiterten Geb\u00e4udes befindet sich ein gro\u00dfz\u00fcgiges Atrium, das als Herzst\u00fcck der Schule dient. Es fungiert als lebendiger Begegnungsraum und wird von einer Sitztreppenanlage gepr\u00e4gt, um die sich Mensa, Aula, Bibliothek und Spieleatelier gruppieren. Auch die Lerninseln der jeweiligen Jahrgangscluster orientieren sich zum Atrium hin und st\u00e4rken dessen zentrale Rolle im p\u00e4dagogischen Konzept. Das historische Hauptgeb\u00e4ude beherbergt die Fachunterrichtsr\u00e4ume sowie die Bereiche f\u00fcr Lehrkr\u00e4fte und Verwaltung.<\/p><p>F\u00fcr gr\u00f6\u00dftm\u00f6gliche Flexibilit\u00e4t in der Nutzung ist der Neubau in Skelettbauweise konzipiert. Die erdber\u00fchrten Geschosse, insbesondere mit ihren gr\u00f6\u00dferen Spannweiten im Erdgeschoss, sind in Stahlbeton geplant. Die Decken der Obergeschosse werden als Holz-Beton-Verbundkonstruktionen ausgef\u00fchrt. Akustische Baffeln aus Holzwolle \u00fcberspannen die verschiedenen Deckentypen und bilden ein gestalterisch verbindendes Element im Innenraum.<\/p>\t\t\t\t\t\t\t\t<\/div>\n\t\t\t\t<\/div>\n\t\t\t\t<\/div>\n\t\t\t\t\t<\/div>\n\t\t\t\t<\/div>\n\t\t\t\t<\/div>\n\t\t","protected":false},"excerpt":{"rendered":"<p>11\/2024 Wettbewerb 2. Rundgang BGF 4460 qm, NUF 3025 qmCO2 neutral Bauherr*in: Stadt Elzach Landschaft: Jetter Landschaftarchitekten BDLA Energiekonzept: Transsolar Energietechnik GmbH Perspektive: katharina cordsen illustration Modell: B\u00e9la Berec Architektur-Modellbau-Gestaltung Das Hauptgeb\u00e4ude aus dem Jahr 1911 pr\u00e4gt das Ortsbild ma\u00dfgeblich und soll in seiner bestehenden Form weitgehend erhalten bleiben. Der Anbau aus dem Jahr 1965 [&hellip;]<\/p>\n","protected":false},"author":2,"featured_media":0,"parent":0,"menu_order":0,"comment_status":"closed","ping_status":"closed","template":"","meta":{"ocean_post_layout":"full-screen","ocean_both_sidebars_style":"","ocean_both_sidebars_content_width":0,"ocean_both_sidebars_sidebars_width":0,"ocean_sidebar":"","ocean_second_sidebar":"","ocean_disable_margins":"enable","ocean_add_body_class":"","ocean_shortcode_before_top_bar":"","ocean_shortcode_after_top_bar":"","ocean_shortcode_before_header":"","ocean_shortcode_after_header":"","ocean_has_shortcode":"","ocean_shortcode_after_title":"","ocean_shortcode_before_footer_widgets":"","ocean_shortcode_after_footer_widgets":"","ocean_shortcode_before_footer_bottom":"","ocean_shortcode_after_footer_bottom":"","ocean_display_top_bar":"off","ocean_display_header":"off","ocean_header_style":"","ocean_center_header_left_menu":"","ocean_custom_header_template":"","ocean_custom_logo":0,"ocean_custom_retina_logo":0,"ocean_custom_logo_max_width":0,"ocean_custom_logo_tablet_max_width":0,"ocean_custom_logo_mobile_max_width":0,"ocean_custom_logo_max_height":0,"ocean_custom_logo_tablet_max_height":0,"ocean_custom_logo_mobile_max_height":0,"ocean_header_custom_menu":"","ocean_menu_typo_font_family":"","ocean_menu_typo_font_subset":"","ocean_menu_typo_font_size":0,"ocean_menu_typo_font_size_tablet":0,"ocean_menu_typo_font_size_mobile":0,"ocean_menu_typo_font_size_unit":"px","ocean_menu_typo_font_weight":"","ocean_menu_typo_font_weight_tablet":"","ocean_menu_typo_font_weight_mobile":"","ocean_menu_typo_transform":"","ocean_menu_typo_transform_tablet":"","ocean_menu_typo_transform_mobile":"","ocean_menu_typo_line_height":0,"ocean_menu_typo_line_height_tablet":0,"ocean_menu_typo_line_height_mobile":0,"ocean_menu_typo_line_height_unit":"","ocean_menu_typo_spacing":0,"ocean_menu_typo_spacing_tablet":0,"ocean_menu_typo_spacing_mobile":0,"ocean_menu_typo_spacing_unit":"","ocean_menu_link_color":"","ocean_menu_link_color_hover":"","ocean_menu_link_color_active":"","ocean_menu_link_background":"","ocean_menu_link_hover_background":"","ocean_menu_link_active_background":"","ocean_menu_social_links_bg":"","ocean_menu_social_hover_links_bg":"","ocean_menu_social_links_color":"","ocean_menu_social_hover_links_color":"","ocean_disable_title":"on","ocean_disable_heading":"default","ocean_post_title":"","ocean_post_subheading":"","ocean_post_title_style":"","ocean_post_title_background_color":"","ocean_post_title_background":0,"ocean_post_title_bg_image_position":"","ocean_post_title_bg_image_attachment":"","ocean_post_title_bg_image_repeat":"","ocean_post_title_bg_image_size":"","ocean_post_title_height":0,"ocean_post_title_bg_overlay":0.5,"ocean_post_title_bg_overlay_color":"","ocean_disable_breadcrumbs":"default","ocean_breadcrumbs_color":"","ocean_breadcrumbs_separator_color":"","ocean_breadcrumbs_links_color":"","ocean_breadcrumbs_links_hover_color":"","ocean_display_footer_widgets":"off","ocean_display_footer_bottom":"off","ocean_custom_footer_template":"","footnotes":""},"class_list":["post-828","page","type-page","status-publish","hentry","entry"],"_links":{"self":[{"href":"https:\/\/www.merama.de\/index.php?rest_route=\/wp\/v2\/pages\/828","targetHints":{"allow":["GET"]}}],"collection":[{"href":"https:\/\/www.merama.de\/index.php?rest_route=\/wp\/v2\/pages"}],"about":[{"href":"https:\/\/www.merama.de\/index.php?rest_route=\/wp\/v2\/types\/page"}],"author":[{"embeddable":true,"href":"https:\/\/www.merama.de\/index.php?rest_route=\/wp\/v2\/users\/2"}],"replies":[{"embeddable":true,"href":"https:\/\/www.merama.de\/index.php?rest_route=%2Fwp%2Fv2%2Fcomments&post=828"}],"version-history":[{"count":89,"href":"https:\/\/www.merama.de\/index.php?rest_route=\/wp\/v2\/pages\/828\/revisions"}],"predecessor-version":[{"id":2238,"href":"https:\/\/www.merama.de\/index.php?rest_route=\/wp\/v2\/pages\/828\/revisions\/2238"}],"wp:attachment":[{"href":"https:\/\/www.merama.de\/index.php?rest_route=%2Fwp%2Fv2%2Fmedia&parent=828"}],"curies":[{"name":"wp","href":"https:\/\/api.w.org\/{rel}","templated":true}]}}