{"id":65,"date":"2024-11-01T20:08:11","date_gmt":"2024-11-01T19:08:11","guid":{"rendered":"https:\/\/merama.de\/?page_id=65"},"modified":"2025-01-20T14:11:16","modified_gmt":"2025-01-20T13:11:16","slug":"wettbewerbe","status":"publish","type":"page","link":"https:\/\/www.merama.de\/?page_id=65","title":{"rendered":"Wettbewerbe"},"content":{"rendered":"\t\t<div data-elementor-type=\"wp-page\" data-elementor-id=\"65\" class=\"elementor elementor-65\">\n\t\t\t\t<div class=\"elementor-element elementor-element-9ab0d3c e-flex e-con-boxed e-con e-parent\" data-id=\"9ab0d3c\" data-element_type=\"container\" data-e-type=\"container\">\n\t\t\t\t\t<div class=\"e-con-inner\">\n\t\t<div class=\"elementor-element elementor-element-c48a51f e-con-full e-flex e-con e-child\" data-id=\"c48a51f\" data-element_type=\"container\" data-e-type=\"container\">\n\t\t\t\t<div class=\"elementor-element elementor-element-814faaf elementor-widget elementor-widget-image\" data-id=\"814faaf\" data-element_type=\"widget\" data-e-type=\"widget\" data-widget_type=\"image.default\">\n\t\t\t\t<div class=\"elementor-widget-container\">\n\t\t\t\t\t\t\t\t\t\t\t\t\t\t\t\t<a href=\"https:\/\/www.merama.de\/?page_id=828\">\n\t\t\t\t\t\t\t<img fetchpriority=\"high\" decoding=\"async\" width=\"1024\" height=\"614\" src=\"https:\/\/www.merama.de\/wp-content\/uploads\/2024\/12\/Perspektive-Schulhof-2_Elzach-1024x614.webp\" class=\"attachment-large size-large wp-image-1626\" alt=\"\" srcset=\"https:\/\/www.merama.de\/wp-content\/uploads\/2024\/12\/Perspektive-Schulhof-2_Elzach-1024x614.webp 1024w, https:\/\/www.merama.de\/wp-content\/uploads\/2024\/12\/Perspektive-Schulhof-2_Elzach-300x180.webp 300w, https:\/\/www.merama.de\/wp-content\/uploads\/2024\/12\/Perspektive-Schulhof-2_Elzach-768x461.webp 768w, https:\/\/www.merama.de\/wp-content\/uploads\/2024\/12\/Perspektive-Schulhof-2_Elzach-1536x922.webp 1536w, https:\/\/www.merama.de\/wp-content\/uploads\/2024\/12\/Perspektive-Schulhof-2_Elzach-2048x1229.webp 2048w\" sizes=\"(max-width: 1024px) 100vw, 1024px\" \/>\t\t\t\t\t\t\t\t<\/a>\n\t\t\t\t\t\t\t\t\t\t\t\t\t\t\t<\/div>\n\t\t\t\t<\/div>\n\t\t<div class=\"elementor-element elementor-element-1de31c1 e-con-full e-flex e-con e-child\" data-id=\"1de31c1\" data-element_type=\"container\" data-e-type=\"container\">\n\t\t\t\t<div class=\"elementor-element elementor-element-17bce43 elementor-widget elementor-widget-text-editor\" data-id=\"17bce43\" data-element_type=\"widget\" data-e-type=\"widget\" data-widget_type=\"text-editor.default\">\n\t\t\t\t<div class=\"elementor-widget-container\">\n\t\t\t\t\t\t\t\t\t<p>2024<\/p>\t\t\t\t\t\t\t\t<\/div>\n\t\t\t\t<\/div>\n\t\t\t\t<div class=\"elementor-element elementor-element-bde2316 elementor-widget elementor-widget-heading\" data-id=\"bde2316\" data-element_type=\"widget\" data-e-type=\"widget\" data-widget_type=\"heading.default\">\n\t\t\t\t<div class=\"elementor-widget-container\">\n\t\t\t\t\t<h2 class=\"elementor-heading-title elementor-size-default\">Erweiterung, Umbau und Sanierung Grundschule in Elzach\n<\/h2>\t\t\t\t<\/div>\n\t\t\t\t<\/div>\n\t\t\t\t<\/div>\n\t\t\t\t<\/div>\n\t\t<div class=\"elementor-element elementor-element-778574f e-con-full e-flex e-con e-child\" data-id=\"778574f\" data-element_type=\"container\" data-e-type=\"container\">\n\t\t\t\t<div class=\"elementor-element elementor-element-4b1fe3b elementor-widget elementor-widget-image\" data-id=\"4b1fe3b\" data-element_type=\"widget\" data-e-type=\"widget\" data-widget_type=\"image.default\">\n\t\t\t\t<div class=\"elementor-widget-container\">\n\t\t\t\t\t\t\t\t\t\t\t\t\t\t\t\t<a href=\"https:\/\/www.merama.de\/?page_id=141\">\n\t\t\t\t\t\t\t<img decoding=\"async\" width=\"1024\" height=\"614\" src=\"https:\/\/www.merama.de\/wp-content\/uploads\/2024\/12\/Perspektive-Strassenseite-1_tuev-1024x614.webp\" class=\"attachment-large size-large wp-image-1628\" alt=\"\" srcset=\"https:\/\/www.merama.de\/wp-content\/uploads\/2024\/12\/Perspektive-Strassenseite-1_tuev-1024x614.webp 1024w, https:\/\/www.merama.de\/wp-content\/uploads\/2024\/12\/Perspektive-Strassenseite-1_tuev-300x180.webp 300w, https:\/\/www.merama.de\/wp-content\/uploads\/2024\/12\/Perspektive-Strassenseite-1_tuev-768x461.webp 768w, https:\/\/www.merama.de\/wp-content\/uploads\/2024\/12\/Perspektive-Strassenseite-1_tuev-1536x922.webp 1536w, https:\/\/www.merama.de\/wp-content\/uploads\/2024\/12\/Perspektive-Strassenseite-1_tuev-2048x1229.webp 2048w\" sizes=\"(max-width: 1024px) 100vw, 1024px\" \/>\t\t\t\t\t\t\t\t<\/a>\n\t\t\t\t\t\t\t\t\t\t\t\t\t\t\t<\/div>\n\t\t\t\t<\/div>\n\t\t<div class=\"elementor-element elementor-element-bff77ea e-con-full e-flex e-con e-child\" data-id=\"bff77ea\" data-element_type=\"container\" data-e-type=\"container\">\n\t\t\t\t<div class=\"elementor-element elementor-element-7b2b68c elementor-widget elementor-widget-text-editor\" data-id=\"7b2b68c\" data-element_type=\"widget\" data-e-type=\"widget\" data-widget_type=\"text-editor.default\">\n\t\t\t\t<div class=\"elementor-widget-container\">\n\t\t\t\t\t\t\t\t\t<p>2024<\/p>\t\t\t\t\t\t\t\t<\/div>\n\t\t\t\t<\/div>\n\t\t\t\t<div class=\"elementor-element elementor-element-570a590 elementor-widget elementor-widget-heading\" data-id=\"570a590\" data-element_type=\"widget\" data-e-type=\"widget\" data-widget_type=\"heading.default\">\n\t\t\t\t<div class=\"elementor-widget-container\">\n\t\t\t\t\t<h2 class=\"elementor-heading-title elementor-size-default\">Neubau T\u00dcV S\u00fcd in Filderstadt\n<\/h2>\t\t\t\t<\/div>\n\t\t\t\t<\/div>\n\t\t\t\t<div class=\"elementor-element elementor-element-be00ec0 elementor-widget elementor-widget-text-editor\" data-id=\"be00ec0\" data-element_type=\"widget\" data-e-type=\"widget\" data-widget_type=\"text-editor.default\">\n\t\t\t\t<div class=\"elementor-widget-container\">\n\t\t\t\t\t\t\t\t\t<p>Leitung Wettbewerb f\u00fcr Auer Weber Architekten<\/p>\t\t\t\t\t\t\t\t<\/div>\n\t\t\t\t<\/div>\n\t\t\t\t<\/div>\n\t\t\t\t<\/div>\n\t\t\t\t\t<\/div>\n\t\t\t\t<\/div>\n\t\t<div class=\"elementor-element elementor-element-7bc692e e-flex e-con-boxed e-con e-parent\" data-id=\"7bc692e\" data-element_type=\"container\" data-e-type=\"container\">\n\t\t\t\t\t<div class=\"e-con-inner\">\n\t\t<div class=\"elementor-element elementor-element-5427bb3 e-con-full e-flex e-con e-child\" data-id=\"5427bb3\" data-element_type=\"container\" data-e-type=\"container\">\n\t\t\t\t<div class=\"elementor-element elementor-element-817c105 elementor-widget elementor-widget-image\" data-id=\"817c105\" data-element_type=\"widget\" data-e-type=\"widget\" data-widget_type=\"image.default\">\n\t\t\t\t<div class=\"elementor-widget-container\">\n\t\t\t\t\t\t\t\t\t\t\t\t\t\t\t\t<a href=\"https:\/\/www.merama.de\/?page_id=144\">\n\t\t\t\t\t\t\t<img decoding=\"async\" width=\"1024\" height=\"601\" src=\"https:\/\/www.merama.de\/wp-content\/uploads\/2024\/12\/Perspektive-Strasse-1_SSB-1024x601.webp\" class=\"attachment-large size-large wp-image-1627\" alt=\"\" srcset=\"https:\/\/www.merama.de\/wp-content\/uploads\/2024\/12\/Perspektive-Strasse-1_SSB-1024x601.webp 1024w, https:\/\/www.merama.de\/wp-content\/uploads\/2024\/12\/Perspektive-Strasse-1_SSB-300x176.webp 300w, https:\/\/www.merama.de\/wp-content\/uploads\/2024\/12\/Perspektive-Strasse-1_SSB-768x451.webp 768w, https:\/\/www.merama.de\/wp-content\/uploads\/2024\/12\/Perspektive-Strasse-1_SSB-1536x902.webp 1536w, https:\/\/www.merama.de\/wp-content\/uploads\/2024\/12\/Perspektive-Strasse-1_SSB-2048x1203.webp 2048w\" sizes=\"(max-width: 1024px) 100vw, 1024px\" \/>\t\t\t\t\t\t\t\t<\/a>\n\t\t\t\t\t\t\t\t\t\t\t\t\t\t\t<\/div>\n\t\t\t\t<\/div>\n\t\t<div class=\"elementor-element elementor-element-398cd67 e-con-full e-flex e-con e-child\" data-id=\"398cd67\" data-element_type=\"container\" data-e-type=\"container\">\n\t\t\t\t<div class=\"elementor-element elementor-element-55aed8f elementor-widget elementor-widget-text-editor\" data-id=\"55aed8f\" data-element_type=\"widget\" data-e-type=\"widget\" data-widget_type=\"text-editor.default\">\n\t\t\t\t<div class=\"elementor-widget-container\">\n\t\t\t\t\t\t\t\t\t<p>2021<\/p>\t\t\t\t\t\t\t\t<\/div>\n\t\t\t\t<\/div>\n\t\t\t\t<div class=\"elementor-element elementor-element-577fc3a elementor-widget elementor-widget-heading\" data-id=\"577fc3a\" data-element_type=\"widget\" data-e-type=\"widget\" data-widget_type=\"heading.default\">\n\t\t\t\t<div class=\"elementor-widget-container\">\n\t\t\t\t\t<h2 class=\"elementor-heading-title elementor-size-default\">Neubau SSB Stadtbahnbetriebshof in Stuttgart Weilimdorf<\/h2>\t\t\t\t<\/div>\n\t\t\t\t<\/div>\n\t\t\t\t<div class=\"elementor-element elementor-element-88d497e elementor-widget elementor-widget-text-editor\" data-id=\"88d497e\" data-element_type=\"widget\" data-e-type=\"widget\" data-widget_type=\"text-editor.default\">\n\t\t\t\t<div class=\"elementor-widget-container\">\n\t\t\t\t\t\t\t\t\t<p>Leitung Wettbewerb f\u00fcr Auer Weber Architekten<\/p>\t\t\t\t\t\t\t\t<\/div>\n\t\t\t\t<\/div>\n\t\t\t\t<\/div>\n\t\t\t\t<\/div>\n\t\t<div class=\"elementor-element elementor-element-c1e0b47 e-con-full e-flex e-con e-child\" data-id=\"c1e0b47\" data-element_type=\"container\" data-e-type=\"container\">\n\t\t\t\t<div class=\"elementor-element elementor-element-f7e225e elementor-widget elementor-widget-image\" data-id=\"f7e225e\" data-element_type=\"widget\" data-e-type=\"widget\" data-widget_type=\"image.default\">\n\t\t\t\t<div class=\"elementor-widget-container\">\n\t\t\t\t\t\t\t\t\t\t\t\t\t\t\t\t<a href=\"https:\/\/www.merama.de\/?page_id=147\">\n\t\t\t\t\t\t\t<img loading=\"lazy\" decoding=\"async\" width=\"1024\" height=\"614\" src=\"https:\/\/www.merama.de\/wp-content\/uploads\/2024\/12\/Perspektive-Eingang-1_Glemstalschule-1024x614.webp\" class=\"attachment-large size-large wp-image-1625\" alt=\"\" srcset=\"https:\/\/www.merama.de\/wp-content\/uploads\/2024\/12\/Perspektive-Eingang-1_Glemstalschule-1024x614.webp 1024w, https:\/\/www.merama.de\/wp-content\/uploads\/2024\/12\/Perspektive-Eingang-1_Glemstalschule-300x180.webp 300w, https:\/\/www.merama.de\/wp-content\/uploads\/2024\/12\/Perspektive-Eingang-1_Glemstalschule-768x461.webp 768w, https:\/\/www.merama.de\/wp-content\/uploads\/2024\/12\/Perspektive-Eingang-1_Glemstalschule-1536x922.webp 1536w, https:\/\/www.merama.de\/wp-content\/uploads\/2024\/12\/Perspektive-Eingang-1_Glemstalschule-2048x1229.webp 2048w\" sizes=\"(max-width: 1024px) 100vw, 1024px\" \/>\t\t\t\t\t\t\t\t<\/a>\n\t\t\t\t\t\t\t\t\t\t\t\t\t\t\t<\/div>\n\t\t\t\t<\/div>\n\t\t<div class=\"elementor-element elementor-element-8e908cf e-con-full e-flex e-con e-child\" data-id=\"8e908cf\" data-element_type=\"container\" data-e-type=\"container\">\n\t\t\t\t<div class=\"elementor-element elementor-element-ff2bac1 elementor-widget elementor-widget-text-editor\" data-id=\"ff2bac1\" data-element_type=\"widget\" data-e-type=\"widget\" data-widget_type=\"text-editor.default\">\n\t\t\t\t<div class=\"elementor-widget-container\">\n\t\t\t\t\t\t\t\t\t<p>2021<\/p>\t\t\t\t\t\t\t\t<\/div>\n\t\t\t\t<\/div>\n\t\t\t\t<div class=\"elementor-element elementor-element-d7932f5 elementor-widget elementor-widget-heading\" data-id=\"d7932f5\" data-element_type=\"widget\" data-e-type=\"widget\" data-widget_type=\"heading.default\">\n\t\t\t\t<div class=\"elementor-widget-container\">\n\t\t\t\t\t<h2 class=\"elementor-heading-title elementor-size-default\">Neubau und Sanierung Glemstalschule in Schwieberdingen-Hemmingen<\/h2>\t\t\t\t<\/div>\n\t\t\t\t<\/div>\n\t\t\t\t<div class=\"elementor-element elementor-element-0737872 elementor-widget elementor-widget-text-editor\" data-id=\"0737872\" data-element_type=\"widget\" data-e-type=\"widget\" data-widget_type=\"text-editor.default\">\n\t\t\t\t<div class=\"elementor-widget-container\">\n\t\t\t\t\t\t\t\t\t<p>Leitung Wettbewerb f\u00fcr Auer Weber Architekten<\/p>\t\t\t\t\t\t\t\t<\/div>\n\t\t\t\t<\/div>\n\t\t\t\t<\/div>\n\t\t\t\t<\/div>\n\t\t\t\t\t<\/div>\n\t\t\t\t<\/div>\n\t\t\t\t<\/div>\n\t\t","protected":false},"excerpt":{"rendered":"<p>2024 Erweiterung, Umbau und Sanierung Grundschule in Elzach 2024 Neubau T\u00dcV S\u00fcd in Filderstadt Leitung Wettbewerb f\u00fcr Auer Weber Architekten 2021 Neubau SSB Stadtbahnbetriebshof in Stuttgart Weilimdorf Leitung Wettbewerb f\u00fcr Auer Weber Architekten 2021 Neubau und Sanierung Glemstalschule in Schwieberdingen-Hemmingen Leitung Wettbewerb f\u00fcr Auer Weber Architekten<\/p>\n","protected":false},"author":2,"featured_media":0,"parent":0,"menu_order":0,"comment_status":"closed","ping_status":"closed","template":"","meta":{"ocean_post_layout":"full-screen","ocean_both_sidebars_style":"","ocean_both_sidebars_content_width":0,"ocean_both_sidebars_sidebars_width":0,"ocean_sidebar":"","ocean_second_sidebar":"","ocean_disable_margins":"enable","ocean_add_body_class":"","ocean_shortcode_before_top_bar":"","ocean_shortcode_after_top_bar":"","ocean_shortcode_before_header":"","ocean_shortcode_after_header":"","ocean_has_shortcode":"","ocean_shortcode_after_title":"","ocean_shortcode_before_footer_widgets":"","ocean_shortcode_after_footer_widgets":"","ocean_shortcode_before_footer_bottom":"","ocean_shortcode_after_footer_bottom":"","ocean_display_top_bar":"off","ocean_display_header":"default","ocean_header_style":"","ocean_center_header_left_menu":"","ocean_custom_header_template":"","ocean_custom_logo":0,"ocean_custom_retina_logo":0,"ocean_custom_logo_max_width":0,"ocean_custom_logo_tablet_max_width":0,"ocean_custom_logo_mobile_max_width":0,"ocean_custom_logo_max_height":0,"ocean_custom_logo_tablet_max_height":0,"ocean_custom_logo_mobile_max_height":0,"ocean_header_custom_menu":"","ocean_menu_typo_font_family":"","ocean_menu_typo_font_subset":"","ocean_menu_typo_font_size":0,"ocean_menu_typo_font_size_tablet":0,"ocean_menu_typo_font_size_mobile":0,"ocean_menu_typo_font_size_unit":"px","ocean_menu_typo_font_weight":"","ocean_menu_typo_font_weight_tablet":"","ocean_menu_typo_font_weight_mobile":"","ocean_menu_typo_transform":"","ocean_menu_typo_transform_tablet":"","ocean_menu_typo_transform_mobile":"","ocean_menu_typo_line_height":0,"ocean_menu_typo_line_height_tablet":0,"ocean_menu_typo_line_height_mobile":0,"ocean_menu_typo_line_height_unit":"","ocean_menu_typo_spacing":0,"ocean_menu_typo_spacing_tablet":0,"ocean_menu_typo_spacing_mobile":0,"ocean_menu_typo_spacing_unit":"","ocean_menu_link_color":"","ocean_menu_link_color_hover":"","ocean_menu_link_color_active":"","ocean_menu_link_background":"","ocean_menu_link_hover_background":"","ocean_menu_link_active_background":"","ocean_menu_social_links_bg":"","ocean_menu_social_hover_links_bg":"","ocean_menu_social_links_color":"","ocean_menu_social_hover_links_color":"","ocean_disable_title":"on","ocean_disable_heading":"default","ocean_post_title":"","ocean_post_subheading":"","ocean_post_title_style":"","ocean_post_title_background_color":"","ocean_post_title_background":0,"ocean_post_title_bg_image_position":"","ocean_post_title_bg_image_attachment":"","ocean_post_title_bg_image_repeat":"","ocean_post_title_bg_image_size":"","ocean_post_title_height":0,"ocean_post_title_bg_overlay":0.5,"ocean_post_title_bg_overlay_color":"","ocean_disable_breadcrumbs":"default","ocean_breadcrumbs_color":"","ocean_breadcrumbs_separator_color":"","ocean_breadcrumbs_links_color":"","ocean_breadcrumbs_links_hover_color":"","ocean_display_footer_widgets":"off","ocean_display_footer_bottom":"off","ocean_custom_footer_template":"","footnotes":""},"class_list":["post-65","page","type-page","status-publish","hentry","entry"],"_links":{"self":[{"href":"https:\/\/www.merama.de\/index.php?rest_route=\/wp\/v2\/pages\/65","targetHints":{"allow":["GET"]}}],"collection":[{"href":"https:\/\/www.merama.de\/index.php?rest_route=\/wp\/v2\/pages"}],"about":[{"href":"https:\/\/www.merama.de\/index.php?rest_route=\/wp\/v2\/types\/page"}],"author":[{"embeddable":true,"href":"https:\/\/www.merama.de\/index.php?rest_route=\/wp\/v2\/users\/2"}],"replies":[{"embeddable":true,"href":"https:\/\/www.merama.de\/index.php?rest_route=%2Fwp%2Fv2%2Fcomments&post=65"}],"version-history":[{"count":76,"href":"https:\/\/www.merama.de\/index.php?rest_route=\/wp\/v2\/pages\/65\/revisions"}],"predecessor-version":[{"id":1757,"href":"https:\/\/www.merama.de\/index.php?rest_route=\/wp\/v2\/pages\/65\/revisions\/1757"}],"wp:attachment":[{"href":"https:\/\/www.merama.de\/index.php?rest_route=%2Fwp%2Fv2%2Fmedia&parent=65"}],"curies":[{"name":"wp","href":"https:\/\/api.w.org\/{rel}","templated":true}]}}