{"id":389,"date":"2024-11-07T17:49:29","date_gmt":"2024-11-07T16:49:29","guid":{"rendered":"https:\/\/www.merama.de\/?page_id=389"},"modified":"2024-12-14T21:31:21","modified_gmt":"2024-12-14T20:31:21","slug":"impressum","status":"publish","type":"page","link":"https:\/\/www.merama.de\/?page_id=389","title":{"rendered":"Impressum"},"content":{"rendered":"\t\t<div data-elementor-type=\"wp-page\" data-elementor-id=\"389\" class=\"elementor elementor-389\">\n\t\t\t\t<div class=\"elementor-element elementor-element-5c6db64 e-flex e-con-boxed e-con e-child\" data-id=\"5c6db64\" data-element_type=\"container\" data-e-type=\"container\">\n\t\t\t\t\t<div class=\"e-con-inner\">\n\t\t<div class=\"elementor-element elementor-element-1e16db2 e-con-full e-flex e-con e-child\" data-id=\"1e16db2\" data-element_type=\"container\" data-e-type=\"container\">\n\t\t\t\t<div class=\"elementor-element elementor-element-f5086ab elementor-widget elementor-widget-heading\" data-id=\"f5086ab\" data-element_type=\"widget\" data-e-type=\"widget\" data-widget_type=\"heading.default\">\n\t\t\t\t<div class=\"elementor-widget-container\">\n\t\t\t\t\t<h2 class=\"elementor-heading-title elementor-size-default\">Impressum<\/h2>\t\t\t\t<\/div>\n\t\t\t\t<\/div>\n\t\t\t\t<div class=\"elementor-element elementor-element-4ff6e15 elementor-widget elementor-widget-text-editor\" data-id=\"4ff6e15\" data-element_type=\"widget\" data-e-type=\"widget\" data-widget_type=\"text-editor.default\">\n\t\t\t\t<div class=\"elementor-widget-container\">\n\t\t\t\t\t\t\t\t\t<p>Verantwortlich f\u00fcr den Inhalt dieser Seite ist:<br \/>Aleksandra Walter-Klonkowska, Dipl. Ing. Freie Architektin<br \/>Riegelhofweg 30, 73760 Ostfildern<\/p><p>Die Berechtigung zum F\u00fchren der Berufsbezeichnung ergibt sich aus der Eintragung als Mitglied der Architektenkammer Baden-W\u00fcrttemberg. AL Nummer: 016795<br \/>Die berufsrechtlichen Bestimmungen, insbesondere das Architektengesetz Baden &#8211; W\u00fcrttemberg, sowie die Berufsordnung, sind einsehbar auf der Homepage der<br \/>Architektenkammer Baden-W\u00fcrttemberg:<br \/><a href=\"http:\/\/www.akbw.de\/download\/architektengesetz.pdf\">http:\/\/www.akbw.de\/download\/architektengesetz.pdf<\/a><br \/><a href=\"http:\/\/www.akbw.de\/download\/berufsordnung.pdf.\">http:\/\/www.akbw.de\/download\/berufsordnung.pdf.<\/a><\/p><p>Haftungsausschluss:<\/p><p>Verantwortlich f\u00fcr die Inhalte externer Seiten sind ausschlie\u00dflich deren Betreiber. Wir distanzieren uns hiermit von ausdr\u00fccklich von allen gesetzes- oder sittenwidrigen und unseri\u00f6sen oder vertragsverletzenden Inhalten, falls diese verbreitet werden sollten. Sollte Ihnen ein solcher Inhalt zur Kenntnis gelangen, bitten wir um umgehende Mitteilung unter info@merama.de.<\/p><p>Datenschutz:<\/p><p><a href=\"http:\/\/www.baden-wuerttemberg.datenschutz.de\/service\/lfd-merkbl\u00e4tter\/internet.htm#t6\">http:\/\/www.baden-wuerttemberg.datenschutz.de\/service\/lfd-merkbl\u00e4tter\/internet.htm#t6<\/a><\/p>\t\t\t\t\t\t\t\t<\/div>\n\t\t\t\t<\/div>\n\t\t\t\t<\/div>\n\t\t\t\t\t<\/div>\n\t\t\t\t<\/div>\n\t\t\t\t<\/div>\n\t\t","protected":false},"excerpt":{"rendered":"<p>Impressum Verantwortlich f\u00fcr den Inhalt dieser Seite ist:Aleksandra Walter-Klonkowska, Dipl. Ing. Freie ArchitektinRiegelhofweg 30, 73760 Ostfildern Die Berechtigung zum F\u00fchren der Berufsbezeichnung ergibt sich aus der Eintragung als Mitglied der Architektenkammer Baden-W\u00fcrttemberg. AL Nummer: 016795Die berufsrechtlichen Bestimmungen, insbesondere das Architektengesetz Baden &#8211; W\u00fcrttemberg, sowie die Berufsordnung, sind einsehbar auf der Homepage derArchitektenkammer Baden-W\u00fcrttemberg:http:\/\/www.akbw.de\/download\/architektengesetz.pdfhttp:\/\/www.akbw.de\/download\/berufsordnung.pdf. Haftungsausschluss: Verantwortlich [&hellip;]<\/p>\n","protected":false},"author":2,"featured_media":0,"parent":0,"menu_order":0,"comment_status":"closed","ping_status":"closed","template":"","meta":{"ocean_post_layout":"full-screen","ocean_both_sidebars_style":"","ocean_both_sidebars_content_width":0,"ocean_both_sidebars_sidebars_width":0,"ocean_sidebar":"","ocean_second_sidebar":"","ocean_disable_margins":"enable","ocean_add_body_class":"","ocean_shortcode_before_top_bar":"","ocean_shortcode_after_top_bar":"","ocean_shortcode_before_header":"","ocean_shortcode_after_header":"","ocean_has_shortcode":"","ocean_shortcode_after_title":"","ocean_shortcode_before_footer_widgets":"","ocean_shortcode_after_footer_widgets":"","ocean_shortcode_before_footer_bottom":"","ocean_shortcode_after_footer_bottom":"","ocean_display_top_bar":"off","ocean_display_header":"default","ocean_header_style":"","ocean_center_header_left_menu":"","ocean_custom_header_template":"","ocean_custom_logo":0,"ocean_custom_retina_logo":0,"ocean_custom_logo_max_width":0,"ocean_custom_logo_tablet_max_width":0,"ocean_custom_logo_mobile_max_width":0,"ocean_custom_logo_max_height":0,"ocean_custom_logo_tablet_max_height":0,"ocean_custom_logo_mobile_max_height":0,"ocean_header_custom_menu":"","ocean_menu_typo_font_family":"","ocean_menu_typo_font_subset":"","ocean_menu_typo_font_size":0,"ocean_menu_typo_font_size_tablet":0,"ocean_menu_typo_font_size_mobile":0,"ocean_menu_typo_font_size_unit":"px","ocean_menu_typo_font_weight":"","ocean_menu_typo_font_weight_tablet":"","ocean_menu_typo_font_weight_mobile":"","ocean_menu_typo_transform":"","ocean_menu_typo_transform_tablet":"","ocean_menu_typo_transform_mobile":"","ocean_menu_typo_line_height":0,"ocean_menu_typo_line_height_tablet":0,"ocean_menu_typo_line_height_mobile":0,"ocean_menu_typo_line_height_unit":"","ocean_menu_typo_spacing":0,"ocean_menu_typo_spacing_tablet":0,"ocean_menu_typo_spacing_mobile":0,"ocean_menu_typo_spacing_unit":"","ocean_menu_link_color":"","ocean_menu_link_color_hover":"","ocean_menu_link_color_active":"","ocean_menu_link_background":"","ocean_menu_link_hover_background":"","ocean_menu_link_active_background":"","ocean_menu_social_links_bg":"","ocean_menu_social_hover_links_bg":"","ocean_menu_social_links_color":"","ocean_menu_social_hover_links_color":"","ocean_disable_title":"on","ocean_disable_heading":"default","ocean_post_title":"","ocean_post_subheading":"","ocean_post_title_style":"","ocean_post_title_background_color":"","ocean_post_title_background":0,"ocean_post_title_bg_image_position":"","ocean_post_title_bg_image_attachment":"","ocean_post_title_bg_image_repeat":"","ocean_post_title_bg_image_size":"","ocean_post_title_height":0,"ocean_post_title_bg_overlay":0.5,"ocean_post_title_bg_overlay_color":"","ocean_disable_breadcrumbs":"default","ocean_breadcrumbs_color":"","ocean_breadcrumbs_separator_color":"","ocean_breadcrumbs_links_color":"","ocean_breadcrumbs_links_hover_color":"","ocean_display_footer_widgets":"off","ocean_display_footer_bottom":"off","ocean_custom_footer_template":"","footnotes":""},"class_list":["post-389","page","type-page","status-publish","hentry","entry"],"_links":{"self":[{"href":"https:\/\/www.merama.de\/index.php?rest_route=\/wp\/v2\/pages\/389","targetHints":{"allow":["GET"]}}],"collection":[{"href":"https:\/\/www.merama.de\/index.php?rest_route=\/wp\/v2\/pages"}],"about":[{"href":"https:\/\/www.merama.de\/index.php?rest_route=\/wp\/v2\/types\/page"}],"author":[{"embeddable":true,"href":"https:\/\/www.merama.de\/index.php?rest_route=\/wp\/v2\/users\/2"}],"replies":[{"embeddable":true,"href":"https:\/\/www.merama.de\/index.php?rest_route=%2Fwp%2Fv2%2Fcomments&post=389"}],"version-history":[{"count":20,"href":"https:\/\/www.merama.de\/index.php?rest_route=\/wp\/v2\/pages\/389\/revisions"}],"predecessor-version":[{"id":1157,"href":"https:\/\/www.merama.de\/index.php?rest_route=\/wp\/v2\/pages\/389\/revisions\/1157"}],"wp:attachment":[{"href":"https:\/\/www.merama.de\/index.php?rest_route=%2Fwp%2Fv2%2Fmedia&parent=389"}],"curies":[{"name":"wp","href":"https:\/\/api.w.org\/{rel}","templated":true}]}}