{"id":367,"date":"2024-11-06T17:40:01","date_gmt":"2024-11-06T16:40:01","guid":{"rendered":"https:\/\/www.merama.de\/?page_id=367"},"modified":"2025-05-05T13:44:14","modified_gmt":"2025-05-05T11:44:14","slug":"projekt-lichtblick","status":"publish","type":"page","link":"https:\/\/www.merama.de\/?page_id=367","title":{"rendered":"Projekt Lichtblick"},"content":{"rendered":"\t\t<div data-elementor-type=\"wp-page\" data-elementor-id=\"367\" class=\"elementor elementor-367\">\n\t\t\t\t<div class=\"elementor-element elementor-element-99c24e2 e-flex e-con-boxed e-con e-parent\" data-id=\"99c24e2\" data-element_type=\"container\" data-e-type=\"container\">\n\t\t\t\t\t<div class=\"e-con-inner\">\n\t\t\t\t<div class=\"elementor-element elementor-element-4bfc8e7 elementor-widget elementor-widget-shortcode\" data-id=\"4bfc8e7\" data-element_type=\"widget\" data-e-type=\"widget\" data-widget_type=\"shortcode.default\">\n\t\t\t\t<div class=\"elementor-widget-container\">\n\t\t\t\t\t\t\t<div class=\"elementor-shortcode\"><div id=\"metaslider-id-1580\" style=\"max-width: 1920px; margin: 0 auto;\" class=\"ml-slider-3-101-0 metaslider metaslider-flex metaslider-1580 ml-slider has-onhover-arrows ms-theme-cubic nav-hidden\" role=\"region\" aria-label=\"Projekt_Lichtblick_Wuerzburg\" data-height=\"1200\" data-width=\"1920\">\n    <div id=\"metaslider_container_1580\">\n        <div id=\"metaslider_1580\">\n            <ul class='slides'>\n                <li style=\"display: block; width: 100%;\" class=\"slide-1599 ms-image \" aria-roledescription=\"slide\" data-date=\"2024-12-21 23:31:06\"><img fetchpriority=\"high\" decoding=\"async\" width=\"1920\" height=\"1280\" src=\"https:\/\/www.merama.de\/wp-content\/uploads\/2024\/12\/200630_Auer-Weber_Lichtblick-3_cam2_V1_B.webp\" class=\"slider-1580 slide-1599 msDefaultImage\" alt=\"n\" rel=\"\" title=\"200630_Auer-Weber_Lichtblick-3_cam2_V1_B\" srcset=\"https:\/\/www.merama.de\/wp-content\/uploads\/2024\/12\/200630_Auer-Weber_Lichtblick-3_cam2_V1_B.webp 1920w, https:\/\/www.merama.de\/wp-content\/uploads\/2024\/12\/200630_Auer-Weber_Lichtblick-3_cam2_V1_B-300x200.webp 300w, https:\/\/www.merama.de\/wp-content\/uploads\/2024\/12\/200630_Auer-Weber_Lichtblick-3_cam2_V1_B-1024x683.webp 1024w, https:\/\/www.merama.de\/wp-content\/uploads\/2024\/12\/200630_Auer-Weber_Lichtblick-3_cam2_V1_B-768x512.webp 768w, https:\/\/www.merama.de\/wp-content\/uploads\/2024\/12\/200630_Auer-Weber_Lichtblick-3_cam2_V1_B-1536x1024.webp 1536w\" sizes=\"(max-width: 1920px) 100vw, 1920px\" \/><\/li>\n                <li style=\"display: none; width: 100%;\" class=\"slide-1600 ms-image \" aria-roledescription=\"slide\" data-date=\"2024-12-21 23:31:06\"><img decoding=\"async\" width=\"1920\" height=\"1280\" src=\"https:\/\/www.merama.de\/wp-content\/uploads\/2024\/12\/200630_Auer-Weber_Lichtblick-3_cam1_V1.webp\" class=\"slider-1580 slide-1600 msDefaultImage\" alt=\"n\" rel=\"\" title=\"200630_Auer-Weber_Lichtblick-3_cam1_V1\" srcset=\"https:\/\/www.merama.de\/wp-content\/uploads\/2024\/12\/200630_Auer-Weber_Lichtblick-3_cam1_V1.webp 1920w, https:\/\/www.merama.de\/wp-content\/uploads\/2024\/12\/200630_Auer-Weber_Lichtblick-3_cam1_V1-300x200.webp 300w, https:\/\/www.merama.de\/wp-content\/uploads\/2024\/12\/200630_Auer-Weber_Lichtblick-3_cam1_V1-1024x683.webp 1024w, https:\/\/www.merama.de\/wp-content\/uploads\/2024\/12\/200630_Auer-Weber_Lichtblick-3_cam1_V1-768x512.webp 768w, https:\/\/www.merama.de\/wp-content\/uploads\/2024\/12\/200630_Auer-Weber_Lichtblick-3_cam1_V1-1536x1024.webp 1536w\" sizes=\"(max-width: 1920px) 100vw, 1920px\" \/><\/li>\n                <li style=\"display: none; width: 100%;\" class=\"slide-1601 ms-image \" aria-roledescription=\"slide\" data-date=\"2024-12-21 23:31:06\"><img decoding=\"async\" width=\"1920\" height=\"1280\" src=\"https:\/\/www.merama.de\/wp-content\/uploads\/2024\/12\/201106_Auer-Weber_Lichtblicke_A_cam1.webp\" class=\"slider-1580 slide-1601 msDefaultImage\" alt=\"n\" rel=\"\" title=\"201106_Auer-Weber_Lichtblicke_A_cam1\" srcset=\"https:\/\/www.merama.de\/wp-content\/uploads\/2024\/12\/201106_Auer-Weber_Lichtblicke_A_cam1.webp 1920w, https:\/\/www.merama.de\/wp-content\/uploads\/2024\/12\/201106_Auer-Weber_Lichtblicke_A_cam1-300x200.webp 300w, https:\/\/www.merama.de\/wp-content\/uploads\/2024\/12\/201106_Auer-Weber_Lichtblicke_A_cam1-1024x683.webp 1024w, https:\/\/www.merama.de\/wp-content\/uploads\/2024\/12\/201106_Auer-Weber_Lichtblicke_A_cam1-768x512.webp 768w, https:\/\/www.merama.de\/wp-content\/uploads\/2024\/12\/201106_Auer-Weber_Lichtblicke_A_cam1-1536x1024.webp 1536w\" sizes=\"(max-width: 1920px) 100vw, 1920px\" \/><\/li>\n                <li style=\"display: none; width: 100%;\" class=\"slide-1602 ms-image \" aria-roledescription=\"slide\" data-date=\"2024-12-21 23:31:06\"><img loading=\"lazy\" decoding=\"async\" width=\"1920\" height=\"1280\" src=\"https:\/\/www.merama.de\/wp-content\/uploads\/2024\/12\/2.Lageplan.webp\" class=\"slider-1580 slide-1602 msDefaultImage\" alt=\"n\" rel=\"\" title=\"2.Lageplan\" srcset=\"https:\/\/www.merama.de\/wp-content\/uploads\/2024\/12\/2.Lageplan.webp 1920w, https:\/\/www.merama.de\/wp-content\/uploads\/2024\/12\/2.Lageplan-300x200.webp 300w, https:\/\/www.merama.de\/wp-content\/uploads\/2024\/12\/2.Lageplan-1024x683.webp 1024w, https:\/\/www.merama.de\/wp-content\/uploads\/2024\/12\/2.Lageplan-768x512.webp 768w, https:\/\/www.merama.de\/wp-content\/uploads\/2024\/12\/2.Lageplan-1536x1024.webp 1536w\" sizes=\"(max-width: 1920px) 100vw, 1920px\" \/><\/li>\n                <li style=\"display: none; width: 100%;\" class=\"slide-1603 ms-image \" aria-roledescription=\"slide\" data-date=\"2024-12-21 23:31:06\"><img loading=\"lazy\" decoding=\"async\" width=\"1920\" height=\"1280\" src=\"https:\/\/www.merama.de\/wp-content\/uploads\/2024\/12\/3.EG_.webp\" class=\"slider-1580 slide-1603 msDefaultImage\" alt=\"n\" rel=\"\" title=\"3.EG\" srcset=\"https:\/\/www.merama.de\/wp-content\/uploads\/2024\/12\/3.EG_.webp 1920w, https:\/\/www.merama.de\/wp-content\/uploads\/2024\/12\/3.EG_-300x200.webp 300w, https:\/\/www.merama.de\/wp-content\/uploads\/2024\/12\/3.EG_-1024x683.webp 1024w, https:\/\/www.merama.de\/wp-content\/uploads\/2024\/12\/3.EG_-768x512.webp 768w, https:\/\/www.merama.de\/wp-content\/uploads\/2024\/12\/3.EG_-1536x1024.webp 1536w\" sizes=\"(max-width: 1920px) 100vw, 1920px\" \/><\/li>\n            <\/ul>\n        <\/div>\n        \n    <\/div>\n<\/div><\/div>\n\t\t\t\t\t\t<\/div>\n\t\t\t\t<\/div>\n\t\t\t\t\t<\/div>\n\t\t\t\t<\/div>\n\t\t<div class=\"elementor-element elementor-element-f44b01f e-flex e-con-boxed e-con e-parent\" data-id=\"f44b01f\" data-element_type=\"container\" data-e-type=\"container\">\n\t\t\t\t\t<div class=\"e-con-inner\">\n\t\t<div class=\"elementor-element elementor-element-954673d e-con-full e-flex e-con e-child\" data-id=\"954673d\" data-element_type=\"container\" data-e-type=\"container\">\n\t\t\t\t<div class=\"elementor-element elementor-element-03caa46 elementor-widget elementor-widget-text-editor\" data-id=\"03caa46\" data-element_type=\"widget\" data-e-type=\"widget\" data-widget_type=\"text-editor.default\">\n\t\t\t\t<div class=\"elementor-widget-container\">\n\t\t\t\t\t\t\t\t\t<p>04\/2020-12\/2020 Projektleitung f\u00fcr Auer Weber Architekten\u00a0<\/p><p>Fertigstellung 2024, Lph 2 \u2013 4<\/p><p>BGF 18.600 qm, BRI 58.900 cbm, NUF 11.800 qm,\u00a0<br \/>Baukosten KG 200-700 ca. 30 Mio EUR netto<\/p><p>Bauherr*in: FAK GmbH &amp; amp; Co.KG, Rottendorf<\/p><p>Perspektiven: loomn Architekturkommunikation<\/p>\t\t\t\t\t\t\t\t<\/div>\n\t\t\t\t<\/div>\n\t\t\t\t<\/div>\n\t\t<div class=\"elementor-element elementor-element-5aab84f e-con-full e-flex e-con e-child\" data-id=\"5aab84f\" data-element_type=\"container\" data-e-type=\"container\">\n\t\t\t\t<div class=\"elementor-element elementor-element-9933112 elementor-widget elementor-widget-text-editor\" data-id=\"9933112\" data-element_type=\"widget\" data-e-type=\"widget\" data-widget_type=\"text-editor.default\">\n\t\t\t\t<div class=\"elementor-widget-container\">\n\t\t\t\t\t\t\t\t\t<p><span style=\"color: #000000;\">Zur Wohnanlage\u00a0<\/span><em><span style=\"color: #000000;\">Lichtblick<\/span><\/em><span style=\"color: #000000;\">\u00a0geh\u00f6ren ein Hochhaus sowie drei f\u00fcnfgeschossige Wohngeb\u00e4ude. Zwischen den H\u00e4usern erstreckt sich ein gemeinschaftlich genutzter Innenbereich mit Zug\u00e4ngen zu den Geb\u00e4uden, einem Spielplatz und Sitzgelegenheiten. Im Erdgeschoss befinden sich neben Wohnfl\u00e4chen auch eine Kindertagesst\u00e4tte sowie gemeinschaftlich nutzbare R\u00e4ume f\u00fcr die Bewohner. Stellpl\u00e4tze stehen in einer Tiefgarage unter der Anlage zur Verf\u00fcgung.<\/span><\/p><p><span style=\"color: #000000;\">Um das Hochhaus und die niedrigeren Geb\u00e4ude als architektonisches Ensemble wirken zu lassen, wurden die Fassaden nach einem einheitlichen Gestaltungsprinzip entworfen: Versetzte Wandfl\u00e4chen zwischen Fenstern und Loggien sorgen f\u00fcr variierende Fensterformate. Trotz der Verwendung unterschiedlicher Materialien \u2013 Naturstein und Terrazzoputz \u2013 ist die Farbgebung der Fassaden aufeinander abgestimmt.<\/span><\/p><p><span style=\"color: #000000;\">Die Wohnanlage bietet ein vielf\u00e4ltiges Angebot an Wohnraum mit unterschiedlichen Wohnungsgr\u00f6\u00dfen und -typen. Geplant sind sowohl Mietwohnungen mit mittlerem bis gehobenem Standard als auch gef\u00f6rderter Wohnraum. Die Grundrisse der Wohnungen variieren von Geb\u00e4ude zu Geb\u00e4ude, um eine breite Palette an Wohnformen anzubieten. Auch im Hochhaus \u00e4ndern sich die Wohnungszuschnitte mehrfach zwischen den Geschossen. S\u00e4mtliche Wohnungen sind barrierefrei zug\u00e4nglich.<\/span><\/p>\t\t\t\t\t\t\t\t<\/div>\n\t\t\t\t<\/div>\n\t\t\t\t<\/div>\n\t\t\t\t\t<\/div>\n\t\t\t\t<\/div>\n\t\t\t\t<\/div>\n\t\t","protected":false},"excerpt":{"rendered":"<p>04\/2020-12\/2020 Projektleitung f\u00fcr Auer Weber Architekten\u00a0 Fertigstellung 2024, Lph 2 \u2013 4 BGF 18.600 qm, BRI 58.900 cbm, NUF 11.800 qm,\u00a0Baukosten KG 200-700 ca. 30 Mio EUR netto Bauherr*in: FAK GmbH &amp; amp; Co.KG, Rottendorf Perspektiven: loomn Architekturkommunikation Zur Wohnanlage\u00a0Lichtblick\u00a0geh\u00f6ren ein Hochhaus sowie drei f\u00fcnfgeschossige Wohngeb\u00e4ude. Zwischen den H\u00e4usern erstreckt sich ein gemeinschaftlich genutzter Innenbereich [&hellip;]<\/p>\n","protected":false},"author":2,"featured_media":0,"parent":0,"menu_order":0,"comment_status":"closed","ping_status":"closed","template":"","meta":{"ocean_post_layout":"full-screen","ocean_both_sidebars_style":"","ocean_both_sidebars_content_width":0,"ocean_both_sidebars_sidebars_width":0,"ocean_sidebar":"","ocean_second_sidebar":"","ocean_disable_margins":"enable","ocean_add_body_class":"","ocean_shortcode_before_top_bar":"","ocean_shortcode_after_top_bar":"","ocean_shortcode_before_header":"","ocean_shortcode_after_header":"","ocean_has_shortcode":"","ocean_shortcode_after_title":"","ocean_shortcode_before_footer_widgets":"","ocean_shortcode_after_footer_widgets":"","ocean_shortcode_before_footer_bottom":"","ocean_shortcode_after_footer_bottom":"","ocean_display_top_bar":"off","ocean_display_header":"default","ocean_header_style":"","ocean_center_header_left_menu":"","ocean_custom_header_template":"","ocean_custom_logo":0,"ocean_custom_retina_logo":0,"ocean_custom_logo_max_width":0,"ocean_custom_logo_tablet_max_width":0,"ocean_custom_logo_mobile_max_width":0,"ocean_custom_logo_max_height":0,"ocean_custom_logo_tablet_max_height":0,"ocean_custom_logo_mobile_max_height":0,"ocean_header_custom_menu":"","ocean_menu_typo_font_family":"","ocean_menu_typo_font_subset":"","ocean_menu_typo_font_size":0,"ocean_menu_typo_font_size_tablet":0,"ocean_menu_typo_font_size_mobile":0,"ocean_menu_typo_font_size_unit":"px","ocean_menu_typo_font_weight":"","ocean_menu_typo_font_weight_tablet":"","ocean_menu_typo_font_weight_mobile":"","ocean_menu_typo_transform":"","ocean_menu_typo_transform_tablet":"","ocean_menu_typo_transform_mobile":"","ocean_menu_typo_line_height":0,"ocean_menu_typo_line_height_tablet":0,"ocean_menu_typo_line_height_mobile":0,"ocean_menu_typo_line_height_unit":"","ocean_menu_typo_spacing":0,"ocean_menu_typo_spacing_tablet":0,"ocean_menu_typo_spacing_mobile":0,"ocean_menu_typo_spacing_unit":"","ocean_menu_link_color":"","ocean_menu_link_color_hover":"","ocean_menu_link_color_active":"","ocean_menu_link_background":"","ocean_menu_link_hover_background":"","ocean_menu_link_active_background":"","ocean_menu_social_links_bg":"","ocean_menu_social_hover_links_bg":"","ocean_menu_social_links_color":"","ocean_menu_social_hover_links_color":"","ocean_disable_title":"on","ocean_disable_heading":"default","ocean_post_title":"","ocean_post_subheading":"","ocean_post_title_style":"","ocean_post_title_background_color":"","ocean_post_title_background":0,"ocean_post_title_bg_image_position":"","ocean_post_title_bg_image_attachment":"","ocean_post_title_bg_image_repeat":"","ocean_post_title_bg_image_size":"","ocean_post_title_height":0,"ocean_post_title_bg_overlay":0.5,"ocean_post_title_bg_overlay_color":"","ocean_disable_breadcrumbs":"default","ocean_breadcrumbs_color":"","ocean_breadcrumbs_separator_color":"","ocean_breadcrumbs_links_color":"","ocean_breadcrumbs_links_hover_color":"","ocean_display_footer_widgets":"off","ocean_display_footer_bottom":"off","ocean_custom_footer_template":"","footnotes":""},"class_list":["post-367","page","type-page","status-publish","hentry","entry"],"_links":{"self":[{"href":"https:\/\/www.merama.de\/index.php?rest_route=\/wp\/v2\/pages\/367","targetHints":{"allow":["GET"]}}],"collection":[{"href":"https:\/\/www.merama.de\/index.php?rest_route=\/wp\/v2\/pages"}],"about":[{"href":"https:\/\/www.merama.de\/index.php?rest_route=\/wp\/v2\/types\/page"}],"author":[{"embeddable":true,"href":"https:\/\/www.merama.de\/index.php?rest_route=\/wp\/v2\/users\/2"}],"replies":[{"embeddable":true,"href":"https:\/\/www.merama.de\/index.php?rest_route=%2Fwp%2Fv2%2Fcomments&post=367"}],"version-history":[{"count":74,"href":"https:\/\/www.merama.de\/index.php?rest_route=\/wp\/v2\/pages\/367\/revisions"}],"predecessor-version":[{"id":2160,"href":"https:\/\/www.merama.de\/index.php?rest_route=\/wp\/v2\/pages\/367\/revisions\/2160"}],"wp:attachment":[{"href":"https:\/\/www.merama.de\/index.php?rest_route=%2Fwp%2Fv2%2Fmedia&parent=367"}],"curies":[{"name":"wp","href":"https:\/\/api.w.org\/{rel}","templated":true}]}}