{"id":2205,"date":"2025-12-23T14:40:42","date_gmt":"2025-12-23T13:40:42","guid":{"rendered":"https:\/\/www.merama.de\/?page_id=2205"},"modified":"2026-04-16T20:00:24","modified_gmt":"2026-04-16T18:00:24","slug":"elementor-seite-2205","status":"publish","type":"page","link":"https:\/\/www.merama.de\/?page_id=2205","title":{"rendered":"Stellenanzeige"},"content":{"rendered":"\t\t<div data-elementor-type=\"wp-page\" data-elementor-id=\"2205\" class=\"elementor elementor-2205\">\n\t\t\t\t<div class=\"elementor-element elementor-element-526762a e-flex e-con-boxed e-con e-parent\" data-id=\"526762a\" data-element_type=\"container\" data-e-type=\"container\">\n\t\t\t\t\t<div class=\"e-con-inner\">\n\t\t\t\t<div class=\"elementor-element elementor-element-64b590c elementor-widget elementor-widget-text-editor\" data-id=\"64b590c\" data-element_type=\"widget\" data-e-type=\"widget\" data-widget_type=\"text-editor.default\">\n\t\t\t\t<div class=\"elementor-widget-container\">\n\t\t\t\t\t\t\t\t\t<p><b>Werkstudent:in (Master Architektur) gesucht<\/b><\/p><p><b>MERAMA Architektur,<\/b> ein kleines Architekturb\u00fcro mit anspruchsvollen Projekten, sucht eine:n Werkstudent:in im Masterstudiengang Architektur zur Mitarbeit an <b>Wettbewerben<\/b>, \u00fcberwiegend aus dem Bildungsbereich.<br \/><b>Nachhaltigkeit<\/b> und insbesondere <b>zirkul\u00e4res Bauen<\/b> liegen uns am Herzen.<\/p><p><b>Was dich auszeichnet:<\/b><\/p><ul><li>Engagement und Motivation<\/li><li>Strukturiertes und selbstst\u00e4ndiges Arbeiten<\/li><li>Gute Entwurfs- und Darstellungsf\u00e4higkeiten<\/li><li>CAD-Kenntnisse, idealerweise Vectorworks<\/li><li>Sehr gute Deutschkenntnisse<\/li><\/ul><p><b>Wir bieten:<\/b><\/p><ul><li>Ein kreatives und inspirierendes Arbeitsumfeld<\/li><li>Spannende und anspruchsvolle Aufgaben<\/li><li>Raum f\u00fcr individuelle Entfaltung und Weiterentwicklung<\/li><li>Eine angenehme, wertsch\u00e4tzende Arbeitsatmosph\u00e4re<\/li><\/ul><p><b>Bewerbung:<\/b><br \/>Bitte sende uns ein <b>kurzes Portfolio (max. 10 MB)<\/b> per E-Mail an:<br \/>a.walter-klonkowska@merama.de<\/p><p>Wir freuen uns auf deine Bewerbung!<\/p>\t\t\t\t\t\t\t\t<\/div>\n\t\t\t\t<\/div>\n\t\t\t\t\t<\/div>\n\t\t\t\t<\/div>\n\t\t\t\t<\/div>\n\t\t","protected":false},"excerpt":{"rendered":"<p>Werkstudent:in (Master Architektur) gesucht MERAMA Architektur, ein kleines Architekturb\u00fcro mit anspruchsvollen Projekten, sucht eine:n Werkstudent:in im Masterstudiengang Architektur zur Mitarbeit an Wettbewerben, \u00fcberwiegend aus dem Bildungsbereich.Nachhaltigkeit und insbesondere zirkul\u00e4res Bauen liegen uns am Herzen. Was dich auszeichnet: Engagement und Motivation Strukturiertes und selbstst\u00e4ndiges Arbeiten Gute Entwurfs- und Darstellungsf\u00e4higkeiten CAD-Kenntnisse, idealerweise Vectorworks Sehr gute Deutschkenntnisse Wir [&hellip;]<\/p>\n","protected":false},"author":2,"featured_media":0,"parent":0,"menu_order":0,"comment_status":"closed","ping_status":"closed","template":"","meta":{"ocean_post_layout":"","ocean_both_sidebars_style":"","ocean_both_sidebars_content_width":0,"ocean_both_sidebars_sidebars_width":0,"ocean_sidebar":"","ocean_second_sidebar":"","ocean_disable_margins":"enable","ocean_add_body_class":"","ocean_shortcode_before_top_bar":"","ocean_shortcode_after_top_bar":"","ocean_shortcode_before_header":"","ocean_shortcode_after_header":"","ocean_has_shortcode":"","ocean_shortcode_after_title":"","ocean_shortcode_before_footer_widgets":"","ocean_shortcode_after_footer_widgets":"","ocean_shortcode_before_footer_bottom":"","ocean_shortcode_after_footer_bottom":"","ocean_display_top_bar":"default","ocean_display_header":"default","ocean_header_style":"","ocean_center_header_left_menu":"","ocean_custom_header_template":"","ocean_custom_logo":0,"ocean_custom_retina_logo":0,"ocean_custom_logo_max_width":0,"ocean_custom_logo_tablet_max_width":0,"ocean_custom_logo_mobile_max_width":0,"ocean_custom_logo_max_height":0,"ocean_custom_logo_tablet_max_height":0,"ocean_custom_logo_mobile_max_height":0,"ocean_header_custom_menu":"","ocean_menu_typo_font_family":"","ocean_menu_typo_font_subset":"","ocean_menu_typo_font_size":0,"ocean_menu_typo_font_size_tablet":0,"ocean_menu_typo_font_size_mobile":0,"ocean_menu_typo_font_size_unit":"px","ocean_menu_typo_font_weight":"","ocean_menu_typo_font_weight_tablet":"","ocean_menu_typo_font_weight_mobile":"","ocean_menu_typo_transform":"","ocean_menu_typo_transform_tablet":"","ocean_menu_typo_transform_mobile":"","ocean_menu_typo_line_height":0,"ocean_menu_typo_line_height_tablet":0,"ocean_menu_typo_line_height_mobile":0,"ocean_menu_typo_line_height_unit":"","ocean_menu_typo_spacing":0,"ocean_menu_typo_spacing_tablet":0,"ocean_menu_typo_spacing_mobile":0,"ocean_menu_typo_spacing_unit":"","ocean_menu_link_color":"","ocean_menu_link_color_hover":"","ocean_menu_link_color_active":"","ocean_menu_link_background":"","ocean_menu_link_hover_background":"","ocean_menu_link_active_background":"","ocean_menu_social_links_bg":"","ocean_menu_social_hover_links_bg":"","ocean_menu_social_links_color":"","ocean_menu_social_hover_links_color":"","ocean_disable_title":"default","ocean_disable_heading":"default","ocean_post_title":"","ocean_post_subheading":"","ocean_post_title_style":"","ocean_post_title_background_color":"","ocean_post_title_background":0,"ocean_post_title_bg_image_position":"","ocean_post_title_bg_image_attachment":"","ocean_post_title_bg_image_repeat":"","ocean_post_title_bg_image_size":"","ocean_post_title_height":0,"ocean_post_title_bg_overlay":0.5,"ocean_post_title_bg_overlay_color":"","ocean_disable_breadcrumbs":"default","ocean_breadcrumbs_color":"","ocean_breadcrumbs_separator_color":"","ocean_breadcrumbs_links_color":"","ocean_breadcrumbs_links_hover_color":"","ocean_display_footer_widgets":"default","ocean_display_footer_bottom":"default","ocean_custom_footer_template":"","footnotes":""},"class_list":["post-2205","page","type-page","status-publish","hentry","entry"],"_links":{"self":[{"href":"https:\/\/www.merama.de\/index.php?rest_route=\/wp\/v2\/pages\/2205","targetHints":{"allow":["GET"]}}],"collection":[{"href":"https:\/\/www.merama.de\/index.php?rest_route=\/wp\/v2\/pages"}],"about":[{"href":"https:\/\/www.merama.de\/index.php?rest_route=\/wp\/v2\/types\/page"}],"author":[{"embeddable":true,"href":"https:\/\/www.merama.de\/index.php?rest_route=\/wp\/v2\/users\/2"}],"replies":[{"embeddable":true,"href":"https:\/\/www.merama.de\/index.php?rest_route=%2Fwp%2Fv2%2Fcomments&post=2205"}],"version-history":[{"count":14,"href":"https:\/\/www.merama.de\/index.php?rest_route=\/wp\/v2\/pages\/2205\/revisions"}],"predecessor-version":[{"id":2241,"href":"https:\/\/www.merama.de\/index.php?rest_route=\/wp\/v2\/pages\/2205\/revisions\/2241"}],"wp:attachment":[{"href":"https:\/\/www.merama.de\/index.php?rest_route=%2Fwp%2Fv2%2Fmedia&parent=2205"}],"curies":[{"name":"wp","href":"https:\/\/api.w.org\/{rel}","templated":true}]}}