{"id":156,"date":"2024-11-02T20:31:00","date_gmt":"2024-11-02T19:31:00","guid":{"rendered":"https:\/\/www.merama.de\/?page_id=156"},"modified":"2025-05-05T14:08:30","modified_gmt":"2025-05-05T12:08:30","slug":"neubau-institutsgebaeude-12-hhn-13-dhbw-cas","status":"publish","type":"page","link":"https:\/\/www.merama.de\/?page_id=156","title":{"rendered":"Neubau Institutsgeb\u00e4ude 12 (HHN), 13 (DHBW CAS)"},"content":{"rendered":"\t\t<div data-elementor-type=\"wp-page\" data-elementor-id=\"156\" class=\"elementor elementor-156\">\n\t\t\t\t<div class=\"elementor-element elementor-element-a01bf92 e-flex e-con-boxed e-con e-parent\" data-id=\"a01bf92\" data-element_type=\"container\" data-e-type=\"container\">\n\t\t\t\t\t<div class=\"e-con-inner\">\n\t\t\t\t<div class=\"elementor-element elementor-element-1a0d7cb elementor-widget elementor-widget-shortcode\" data-id=\"1a0d7cb\" data-element_type=\"widget\" data-e-type=\"widget\" data-widget_type=\"shortcode.default\">\n\t\t\t\t<div class=\"elementor-widget-container\">\n\t\t\t\t\t\t\t<div class=\"elementor-shortcode\"><div id=\"metaslider-id-1539\" style=\"max-width: 1920px; margin: 0 auto;\" class=\"ml-slider-3-101-0 metaslider metaslider-flex metaslider-1539 ml-slider has-onhover-arrows ms-theme-cubic nav-hidden\" role=\"region\" aria-label=\"Projekt_Institutsgebaude\" data-height=\"1200\" data-width=\"1920\">\n    <div id=\"metaslider_container_1539\">\n        <div id=\"metaslider_1539\">\n            <ul class='slides'>\n                <li style=\"display: block; width: 100%;\" class=\"slide-1552 ms-image \" aria-roledescription=\"slide\" data-date=\"2024-12-21 22:32:35\"><img fetchpriority=\"high\" decoding=\"async\" width=\"1920\" height=\"1280\" src=\"https:\/\/www.merama.de\/wp-content\/uploads\/2024\/12\/vom-sueden.webp\" class=\"slider-1539 slide-1552 msDefaultImage\" alt=\"\" rel=\"\" title=\"vom s\u00fcden\" srcset=\"https:\/\/www.merama.de\/wp-content\/uploads\/2024\/12\/vom-sueden.webp 1920w, https:\/\/www.merama.de\/wp-content\/uploads\/2024\/12\/vom-sueden-300x200.webp 300w, https:\/\/www.merama.de\/wp-content\/uploads\/2024\/12\/vom-sueden-1024x683.webp 1024w, https:\/\/www.merama.de\/wp-content\/uploads\/2024\/12\/vom-sueden-768x512.webp 768w, https:\/\/www.merama.de\/wp-content\/uploads\/2024\/12\/vom-sueden-1536x1024.webp 1536w\" sizes=\"(max-width: 1920px) 100vw, 1920px\" \/><\/li>\n                <li style=\"display: none; width: 100%;\" class=\"slide-1551 ms-image \" aria-roledescription=\"slide\" data-date=\"2024-12-21 22:32:35\"><img decoding=\"async\" width=\"1920\" height=\"1280\" src=\"https:\/\/www.merama.de\/wp-content\/uploads\/2024\/12\/HHN.webp\" class=\"slider-1539 slide-1551 msDefaultImage\" alt=\"\" rel=\"\" title=\"HHN\" srcset=\"https:\/\/www.merama.de\/wp-content\/uploads\/2024\/12\/HHN.webp 1920w, https:\/\/www.merama.de\/wp-content\/uploads\/2024\/12\/HHN-300x200.webp 300w, https:\/\/www.merama.de\/wp-content\/uploads\/2024\/12\/HHN-1024x683.webp 1024w, https:\/\/www.merama.de\/wp-content\/uploads\/2024\/12\/HHN-768x512.webp 768w, https:\/\/www.merama.de\/wp-content\/uploads\/2024\/12\/HHN-1536x1024.webp 1536w\" sizes=\"(max-width: 1920px) 100vw, 1920px\" \/><\/li>\n                <li style=\"display: none; width: 100%;\" class=\"slide-1553 ms-image \" aria-roledescription=\"slide\" data-date=\"2024-12-21 22:32:35\"><img decoding=\"async\" width=\"1920\" height=\"1280\" src=\"https:\/\/www.merama.de\/wp-content\/uploads\/2024\/12\/von-der-Nordseite.webp\" class=\"slider-1539 slide-1553 msDefaultImage\" alt=\"\" rel=\"\" title=\"von der Nordseite\" srcset=\"https:\/\/www.merama.de\/wp-content\/uploads\/2024\/12\/von-der-Nordseite.webp 1920w, https:\/\/www.merama.de\/wp-content\/uploads\/2024\/12\/von-der-Nordseite-300x200.webp 300w, https:\/\/www.merama.de\/wp-content\/uploads\/2024\/12\/von-der-Nordseite-1024x683.webp 1024w, https:\/\/www.merama.de\/wp-content\/uploads\/2024\/12\/von-der-Nordseite-768x512.webp 768w, https:\/\/www.merama.de\/wp-content\/uploads\/2024\/12\/von-der-Nordseite-1536x1024.webp 1536w\" sizes=\"(max-width: 1920px) 100vw, 1920px\" \/><\/li>\n                <li style=\"display: none; width: 100%;\" class=\"slide-1554 ms-image \" aria-roledescription=\"slide\" data-date=\"2024-12-21 22:32:35\"><img loading=\"lazy\" decoding=\"async\" width=\"1920\" height=\"1280\" src=\"https:\/\/www.merama.de\/wp-content\/uploads\/2024\/12\/zwischen-den-Gebaeuden.webp\" class=\"slider-1539 slide-1554 msDefaultImage\" alt=\"\" rel=\"\" title=\"zwischen den Geb\u00e4uden\" srcset=\"https:\/\/www.merama.de\/wp-content\/uploads\/2024\/12\/zwischen-den-Gebaeuden.webp 1920w, https:\/\/www.merama.de\/wp-content\/uploads\/2024\/12\/zwischen-den-Gebaeuden-300x200.webp 300w, https:\/\/www.merama.de\/wp-content\/uploads\/2024\/12\/zwischen-den-Gebaeuden-1024x683.webp 1024w, https:\/\/www.merama.de\/wp-content\/uploads\/2024\/12\/zwischen-den-Gebaeuden-768x512.webp 768w, https:\/\/www.merama.de\/wp-content\/uploads\/2024\/12\/zwischen-den-Gebaeuden-1536x1024.webp 1536w\" sizes=\"(max-width: 1920px) 100vw, 1920px\" \/><\/li>\n                <li style=\"display: none; width: 100%;\" class=\"slide-1555 ms-image \" aria-roledescription=\"slide\" data-date=\"2024-12-21 22:32:35\"><img loading=\"lazy\" decoding=\"async\" width=\"1920\" height=\"1280\" src=\"https:\/\/www.merama.de\/wp-content\/uploads\/2024\/12\/2.Lageplan.png-1_cropped.webp\" class=\"slider-1539 slide-1555 msDefaultImage\" alt=\"n\" rel=\"\" title=\"2.Lageplan.png-1_cropped\" srcset=\"https:\/\/www.merama.de\/wp-content\/uploads\/2024\/12\/2.Lageplan.png-1_cropped.webp 1920w, https:\/\/www.merama.de\/wp-content\/uploads\/2024\/12\/2.Lageplan.png-1_cropped-300x200.webp 300w, https:\/\/www.merama.de\/wp-content\/uploads\/2024\/12\/2.Lageplan.png-1_cropped-1024x683.webp 1024w, https:\/\/www.merama.de\/wp-content\/uploads\/2024\/12\/2.Lageplan.png-1_cropped-768x512.webp 768w, https:\/\/www.merama.de\/wp-content\/uploads\/2024\/12\/2.Lageplan.png-1_cropped-1536x1024.webp 1536w\" sizes=\"(max-width: 1920px) 100vw, 1920px\" \/><\/li>\n                <li style=\"display: none; width: 100%;\" class=\"slide-1556 ms-image \" aria-roledescription=\"slide\" data-date=\"2024-12-21 22:32:36\"><img loading=\"lazy\" decoding=\"async\" width=\"1920\" height=\"1280\" src=\"https:\/\/www.merama.de\/wp-content\/uploads\/2024\/12\/Grundrisse-EG.webp\" class=\"slider-1539 slide-1556 msDefaultImage\" alt=\"\" rel=\"\" title=\"Grundrisse EG\" srcset=\"https:\/\/www.merama.de\/wp-content\/uploads\/2024\/12\/Grundrisse-EG.webp 1920w, https:\/\/www.merama.de\/wp-content\/uploads\/2024\/12\/Grundrisse-EG-300x200.webp 300w, https:\/\/www.merama.de\/wp-content\/uploads\/2024\/12\/Grundrisse-EG-1024x683.webp 1024w, https:\/\/www.merama.de\/wp-content\/uploads\/2024\/12\/Grundrisse-EG-768x512.webp 768w, https:\/\/www.merama.de\/wp-content\/uploads\/2024\/12\/Grundrisse-EG-1536x1024.webp 1536w\" sizes=\"(max-width: 1920px) 100vw, 1920px\" \/><\/li>\n                <li style=\"display: none; width: 100%;\" class=\"slide-1557 ms-image \" aria-roledescription=\"slide\" data-date=\"2024-12-21 22:32:36\"><img loading=\"lazy\" decoding=\"async\" width=\"1920\" height=\"1280\" src=\"https:\/\/www.merama.de\/wp-content\/uploads\/2024\/12\/Schnitte.webp\" class=\"slider-1539 slide-1557 msDefaultImage\" alt=\"\" rel=\"\" title=\"Schnitte\" srcset=\"https:\/\/www.merama.de\/wp-content\/uploads\/2024\/12\/Schnitte.webp 1920w, https:\/\/www.merama.de\/wp-content\/uploads\/2024\/12\/Schnitte-300x200.webp 300w, https:\/\/www.merama.de\/wp-content\/uploads\/2024\/12\/Schnitte-1024x683.webp 1024w, https:\/\/www.merama.de\/wp-content\/uploads\/2024\/12\/Schnitte-768x512.webp 768w, https:\/\/www.merama.de\/wp-content\/uploads\/2024\/12\/Schnitte-1536x1024.webp 1536w\" sizes=\"(max-width: 1920px) 100vw, 1920px\" \/><\/li>\n            <\/ul>\n        <\/div>\n        \n    <\/div>\n<\/div><\/div>\n\t\t\t\t\t\t<\/div>\n\t\t\t\t<\/div>\n\t\t\t\t\t<\/div>\n\t\t\t\t<\/div>\n\t\t<div class=\"elementor-element elementor-element-69e89ba e-flex e-con-boxed e-con e-parent\" data-id=\"69e89ba\" data-element_type=\"container\" data-e-type=\"container\">\n\t\t\t\t\t<div class=\"e-con-inner\">\n\t\t<div class=\"elementor-element elementor-element-52a6f50 e-con-full e-flex e-con e-child\" data-id=\"52a6f50\" data-element_type=\"container\" data-e-type=\"container\">\n\t\t\t\t<div class=\"elementor-element elementor-element-fd5a9fc elementor-widget elementor-widget-text-editor\" data-id=\"fd5a9fc\" data-element_type=\"widget\" data-e-type=\"widget\" data-widget_type=\"text-editor.default\">\n\t\t\t\t<div class=\"elementor-widget-container\">\n\t\t\t\t\t\t\t\t\t<p>03\/2014-02\/2017 Projektleitung f\u00fcr Auer Weber Architekten<\/p><p>Fertigstellung 02\/2017, Lph 2 \u2013 8 HOAI<br \/>BGF 18.600 qm, BRI 77.500 cbm,\u00a0<br \/>NUF 9.500 qm,\u00a0<br \/>Baukosten KG 200-700; 50 Mio EUR netto<\/p><p>Bauherr*in: Dieter-Schwarz-Stiftung GmbH<br \/>Objekt\u00fcberwachung: Guggenberger+Ott Architekten GmbH<br \/>Statik: sbp schleich bergermann partner<\/p><p><strong>2020 Auszeichnung f\u00fcr Beispielhaftes Bauen, Architektenkammer BW<\/strong><br \/><strong>2020 Staatspreis Baukultur Baden-W\u00fcrttemberg \u2013 Anerkennung<\/strong><br \/><strong>2017 Hugo H\u00e4ring Auszeichnung, Bund Deutscher Architekten<\/strong><\/p>\t\t\t\t\t\t\t\t<\/div>\n\t\t\t\t<\/div>\n\t\t\t\t<div class=\"elementor-element elementor-element-380efb2 elementor-widget__width-initial elementor-widget elementor-widget-text-editor\" data-id=\"380efb2\" data-element_type=\"widget\" data-e-type=\"widget\" data-widget_type=\"text-editor.default\">\n\t\t\t\t<div class=\"elementor-widget-container\">\n\t\t\t\t\t\t\t\t\t<p><b>Ver\u00f6ffentlichungen:<\/b><\/p><p>\u201eGute Aussichten f\u00fcr Stadt und Bildung\u201c <br \/>Zeitschrift: <strong>db Zeitschrift f\u00fcr Architekten und Bauingenieure<\/strong>, S. 34-40<br \/>Ausgabe: 4.2017<\/p>\t\t\t\t\t\t\t\t<\/div>\n\t\t\t\t<\/div>\n\t\t\t\t<div class=\"elementor-element elementor-element-feebded elementor-widget elementor-widget-heading\" data-id=\"feebded\" data-element_type=\"widget\" data-e-type=\"widget\" data-widget_type=\"heading.default\">\n\t\t\t\t<div class=\"elementor-widget-container\">\n\t\t\t\t\t<h2 class=\"elementor-heading-title elementor-size-default\"><a href=\"https:\/\/www.db-bauzeitung.de\/architektur\/bildungsbau\/gute-aussichten-fuer-stadt-und-bildung-auer-weber\/\">https:\/\/www.db-bauzeitung.de\/architektur\/bildungsbau\/gute-aussichten-fuer-stadt-und-bildung-auer-weber\/<\/a><\/h2>\t\t\t\t<\/div>\n\t\t\t\t<\/div>\n\t\t\t\t<div class=\"elementor-element elementor-element-9cdf205 elementor-widget__width-initial elementor-widget elementor-widget-text-editor\" data-id=\"9cdf205\" data-element_type=\"widget\" data-e-type=\"widget\" data-widget_type=\"text-editor.default\">\n\t\t\t\t<div class=\"elementor-widget-container\">\n\t\t\t\t\t\t\t\t\t<p>\u00a0<\/p><p>\u201eZukunftsorientiert. Bildungscampus Heilbronn\u201c <br \/>Zeitschrift: <strong>xia Zeitschrift f\u00fcr Architektur und Technik<\/strong>, S. 62-67, Ausgabe 10 -12\/2017<\/p><p>\u00a0<\/p><p>\u00a0<\/p>\t\t\t\t\t\t\t\t<\/div>\n\t\t\t\t<\/div>\n\t\t\t\t<\/div>\n\t\t<div class=\"elementor-element elementor-element-2816719 e-con-full e-flex e-con e-child\" data-id=\"2816719\" data-element_type=\"container\" data-e-type=\"container\">\n\t\t\t\t<div class=\"elementor-element elementor-element-2865832 elementor-widget elementor-widget-text-editor\" data-id=\"2865832\" data-element_type=\"widget\" data-e-type=\"widget\" data-widget_type=\"text-editor.default\">\n\t\t\t\t<div class=\"elementor-widget-container\">\n\t\t\t\t\t\t\t\t\t<p>Die beiden Institutsgeb\u00e4ude f\u00fcr die Hochschule Heilbronn (HHN) und die Duale Hochschule Baden-W\u00fcrttemberg (DHBW) entstanden auf dem Bildungscampus III auf einem ehemals industriell genutzten Areal. Die Bauk\u00f6rper folgen einem gemeinsamen Entwurfsprinzip und bestehen jeweils aus einem langgestreckten Riegelbau und einem vertikal orientierten Turm. Die Seminarbereiche befinden sich in den horizontalen Bauk\u00f6rpern und gruppieren sich jeweils um verglaste Innenh\u00f6fe. In den T\u00fcrmen sind die B\u00fcror\u00e4ume der Mitarbeitenden untergebracht. Trotz typologischer \u00c4hnlichkeit erm\u00f6glichen unterschiedliche L\u00e4ngen, Proportionen und Fassadenausbildungen eine klare Differenzierung.<\/p><p>Die Fassadengestaltung beider Geb\u00e4ude nimmt Bezug auf die Backsteinarchitektur der vorausgegangenen Bauabschnitte des Bildungscampus. Unterschiedliche Farbt\u00f6ne, Fensterformate und Details erm\u00f6glichen eine subtile gestalterische Differenzierung zwischen HHN und DHBW. So entsteht innerhalb eines koh\u00e4renten Rahmens eine eigenst\u00e4ndige Identit\u00e4t f\u00fcr jede Hochschule.<\/p><p>Zentrale Bedeutung kommt in beiden Geb\u00e4uden dem Atrium zu \u2013 jedoch mit unterschiedlicher inhaltlicher Pr\u00e4gung: Die Hochschule Heilbronn versteht das Atrium als offenen, multifunktionalen Raum f\u00fcr Veranstaltungen, informelle Lernangebote und Austausch. Die DHBW hingegen w\u00fcnschte sich einen eher ruhigen, repr\u00e4sentativen Ort mit formalem Charakter. Das gestalterische und materielle Grundprinzip beider Bauten ist identisch, die Umsetzung variiert jedoch in Details, Farben und Texturen. So kann die Gestaltung jeweils dem Selbstverst\u00e4ndnis und dem Nutzungsprofil der jeweiligen Hochschule gerecht werden und zugleich den Bildungscampus als gemeinsamen Lern- und Arbeitsort st\u00e4rken.<\/p>\t\t\t\t\t\t\t\t<\/div>\n\t\t\t\t<\/div>\n\t\t\t\t<\/div>\n\t\t\t\t\t<\/div>\n\t\t\t\t<\/div>\n\t\t\t\t<\/div>\n\t\t","protected":false},"excerpt":{"rendered":"<p>03\/2014-02\/2017 Projektleitung f\u00fcr Auer Weber Architekten Fertigstellung 02\/2017, Lph 2 \u2013 8 HOAIBGF 18.600 qm, BRI 77.500 cbm,\u00a0NUF 9.500 qm,\u00a0Baukosten KG 200-700; 50 Mio EUR netto Bauherr*in: Dieter-Schwarz-Stiftung GmbHObjekt\u00fcberwachung: Guggenberger+Ott Architekten GmbHStatik: sbp schleich bergermann partner 2020 Auszeichnung f\u00fcr Beispielhaftes Bauen, Architektenkammer BW2020 Staatspreis Baukultur Baden-W\u00fcrttemberg \u2013 Anerkennung2017 Hugo H\u00e4ring Auszeichnung, Bund Deutscher Architekten Ver\u00f6ffentlichungen: [&hellip;]<\/p>\n","protected":false},"author":2,"featured_media":0,"parent":0,"menu_order":0,"comment_status":"closed","ping_status":"closed","template":"","meta":{"ocean_post_layout":"full-screen","ocean_both_sidebars_style":"","ocean_both_sidebars_content_width":0,"ocean_both_sidebars_sidebars_width":0,"ocean_sidebar":"","ocean_second_sidebar":"","ocean_disable_margins":"enable","ocean_add_body_class":"","ocean_shortcode_before_top_bar":"","ocean_shortcode_after_top_bar":"","ocean_shortcode_before_header":"","ocean_shortcode_after_header":"","ocean_has_shortcode":"","ocean_shortcode_after_title":"","ocean_shortcode_before_footer_widgets":"","ocean_shortcode_after_footer_widgets":"","ocean_shortcode_before_footer_bottom":"","ocean_shortcode_after_footer_bottom":"","ocean_display_top_bar":"off","ocean_display_header":"default","ocean_header_style":"","ocean_center_header_left_menu":"","ocean_custom_header_template":"","ocean_custom_logo":0,"ocean_custom_retina_logo":0,"ocean_custom_logo_max_width":0,"ocean_custom_logo_tablet_max_width":0,"ocean_custom_logo_mobile_max_width":0,"ocean_custom_logo_max_height":0,"ocean_custom_logo_tablet_max_height":0,"ocean_custom_logo_mobile_max_height":0,"ocean_header_custom_menu":"","ocean_menu_typo_font_family":"","ocean_menu_typo_font_subset":"","ocean_menu_typo_font_size":0,"ocean_menu_typo_font_size_tablet":0,"ocean_menu_typo_font_size_mobile":0,"ocean_menu_typo_font_size_unit":"px","ocean_menu_typo_font_weight":"","ocean_menu_typo_font_weight_tablet":"","ocean_menu_typo_font_weight_mobile":"","ocean_menu_typo_transform":"","ocean_menu_typo_transform_tablet":"","ocean_menu_typo_transform_mobile":"","ocean_menu_typo_line_height":0,"ocean_menu_typo_line_height_tablet":0,"ocean_menu_typo_line_height_mobile":0,"ocean_menu_typo_line_height_unit":"","ocean_menu_typo_spacing":0,"ocean_menu_typo_spacing_tablet":0,"ocean_menu_typo_spacing_mobile":0,"ocean_menu_typo_spacing_unit":"","ocean_menu_link_color":"","ocean_menu_link_color_hover":"","ocean_menu_link_color_active":"","ocean_menu_link_background":"","ocean_menu_link_hover_background":"","ocean_menu_link_active_background":"","ocean_menu_social_links_bg":"","ocean_menu_social_hover_links_bg":"","ocean_menu_social_links_color":"","ocean_menu_social_hover_links_color":"","ocean_disable_title":"on","ocean_disable_heading":"default","ocean_post_title":"","ocean_post_subheading":"","ocean_post_title_style":"","ocean_post_title_background_color":"","ocean_post_title_background":0,"ocean_post_title_bg_image_position":"","ocean_post_title_bg_image_attachment":"","ocean_post_title_bg_image_repeat":"","ocean_post_title_bg_image_size":"","ocean_post_title_height":0,"ocean_post_title_bg_overlay":0.5,"ocean_post_title_bg_overlay_color":"","ocean_disable_breadcrumbs":"default","ocean_breadcrumbs_color":"","ocean_breadcrumbs_separator_color":"","ocean_breadcrumbs_links_color":"","ocean_breadcrumbs_links_hover_color":"","ocean_display_footer_widgets":"off","ocean_display_footer_bottom":"off","ocean_custom_footer_template":"","footnotes":""},"class_list":["post-156","page","type-page","status-publish","hentry","entry"],"_links":{"self":[{"href":"https:\/\/www.merama.de\/index.php?rest_route=\/wp\/v2\/pages\/156","targetHints":{"allow":["GET"]}}],"collection":[{"href":"https:\/\/www.merama.de\/index.php?rest_route=\/wp\/v2\/pages"}],"about":[{"href":"https:\/\/www.merama.de\/index.php?rest_route=\/wp\/v2\/types\/page"}],"author":[{"embeddable":true,"href":"https:\/\/www.merama.de\/index.php?rest_route=\/wp\/v2\/users\/2"}],"replies":[{"embeddable":true,"href":"https:\/\/www.merama.de\/index.php?rest_route=%2Fwp%2Fv2%2Fcomments&post=156"}],"version-history":[{"count":119,"href":"https:\/\/www.merama.de\/index.php?rest_route=\/wp\/v2\/pages\/156\/revisions"}],"predecessor-version":[{"id":2191,"href":"https:\/\/www.merama.de\/index.php?rest_route=\/wp\/v2\/pages\/156\/revisions\/2191"}],"wp:attachment":[{"href":"https:\/\/www.merama.de\/index.php?rest_route=%2Fwp%2Fv2%2Fmedia&parent=156"}],"curies":[{"name":"wp","href":"https:\/\/api.w.org\/{rel}","templated":true}]}}