{"id":153,"date":"2024-11-02T20:30:23","date_gmt":"2024-11-02T19:30:23","guid":{"rendered":"https:\/\/www.merama.de\/?page_id=153"},"modified":"2025-05-05T14:06:35","modified_gmt":"2025-05-05T12:06:35","slug":"neubau-mensa-geb-8","status":"publish","type":"page","link":"https:\/\/www.merama.de\/?page_id=153","title":{"rendered":"Neubau Mensa (Geb. 8)"},"content":{"rendered":"\t\t<div data-elementor-type=\"wp-page\" data-elementor-id=\"153\" class=\"elementor elementor-153\">\n\t\t\t\t<div class=\"elementor-element elementor-element-c305aa4 e-flex e-con-boxed e-con e-parent\" data-id=\"c305aa4\" data-element_type=\"container\" data-e-type=\"container\">\n\t\t\t\t\t<div class=\"e-con-inner\">\n\t\t\t\t<div class=\"elementor-element elementor-element-aa1d267 elementor-widget elementor-widget-shortcode\" data-id=\"aa1d267\" data-element_type=\"widget\" data-e-type=\"widget\" data-widget_type=\"shortcode.default\">\n\t\t\t\t<div class=\"elementor-widget-container\">\n\t\t\t\t\t\t\t<div class=\"elementor-shortcode\"><div id=\"metaslider-id-1558\" style=\"max-width: 1920px; margin: 0 auto;\" class=\"ml-slider-3-101-0 metaslider metaslider-flex metaslider-1558 ml-slider has-onhover-arrows ms-theme-cubic nav-hidden\" role=\"region\" aria-label=\"Projekt_Mensa_Heilbronn\" data-height=\"1200\" data-width=\"1920\">\n    <div id=\"metaslider_container_1558\">\n        <div id=\"metaslider_1558\">\n            <ul class='slides'>\n                <li style=\"display: block; width: 100%;\" class=\"slide-1568 ms-image \" aria-roledescription=\"slide\" data-date=\"2024-12-21 22:50:37\"><img fetchpriority=\"high\" decoding=\"async\" width=\"1920\" height=\"1280\" src=\"https:\/\/www.merama.de\/wp-content\/uploads\/2024\/12\/von_der_Bruecke-1.webp\" class=\"slider-1558 slide-1568 msDefaultImage\" alt=\"\" rel=\"\" title=\"von_der_Br\u00fccke\" srcset=\"https:\/\/www.merama.de\/wp-content\/uploads\/2024\/12\/von_der_Bruecke-1.webp 1920w, https:\/\/www.merama.de\/wp-content\/uploads\/2024\/12\/von_der_Bruecke-1-300x200.webp 300w, https:\/\/www.merama.de\/wp-content\/uploads\/2024\/12\/von_der_Bruecke-1-1024x683.webp 1024w, https:\/\/www.merama.de\/wp-content\/uploads\/2024\/12\/von_der_Bruecke-1-768x512.webp 768w, https:\/\/www.merama.de\/wp-content\/uploads\/2024\/12\/von_der_Bruecke-1-1536x1024.webp 1536w\" sizes=\"(max-width: 1920px) 100vw, 1920px\" \/><\/li>\n                <li style=\"display: none; width: 100%;\" class=\"slide-1570 ms-image \" aria-roledescription=\"slide\" data-date=\"2024-12-21 22:50:37\"><img decoding=\"async\" width=\"1920\" height=\"1280\" src=\"https:\/\/www.merama.de\/wp-content\/uploads\/2024\/12\/Nordseite-1.webp\" class=\"slider-1558 slide-1570 msDefaultImage\" alt=\"\" rel=\"\" title=\"Nordseite\" srcset=\"https:\/\/www.merama.de\/wp-content\/uploads\/2024\/12\/Nordseite-1.webp 1920w, https:\/\/www.merama.de\/wp-content\/uploads\/2024\/12\/Nordseite-1-300x200.webp 300w, https:\/\/www.merama.de\/wp-content\/uploads\/2024\/12\/Nordseite-1-1024x683.webp 1024w, https:\/\/www.merama.de\/wp-content\/uploads\/2024\/12\/Nordseite-1-768x512.webp 768w, https:\/\/www.merama.de\/wp-content\/uploads\/2024\/12\/Nordseite-1-1536x1024.webp 1536w\" sizes=\"(max-width: 1920px) 100vw, 1920px\" \/><\/li>\n                <li style=\"display: none; width: 100%;\" class=\"slide-1567 ms-image \" aria-roledescription=\"slide\" data-date=\"2024-12-21 22:50:37\"><img decoding=\"async\" width=\"1920\" height=\"1280\" src=\"https:\/\/www.merama.de\/wp-content\/uploads\/2024\/12\/Westseite-1.webp\" class=\"slider-1558 slide-1567 msDefaultImage\" alt=\"\" rel=\"\" title=\"Westseite\" srcset=\"https:\/\/www.merama.de\/wp-content\/uploads\/2024\/12\/Westseite-1.webp 1920w, https:\/\/www.merama.de\/wp-content\/uploads\/2024\/12\/Westseite-1-300x200.webp 300w, https:\/\/www.merama.de\/wp-content\/uploads\/2024\/12\/Westseite-1-1024x683.webp 1024w, https:\/\/www.merama.de\/wp-content\/uploads\/2024\/12\/Westseite-1-768x512.webp 768w, https:\/\/www.merama.de\/wp-content\/uploads\/2024\/12\/Westseite-1-1536x1024.webp 1536w\" sizes=\"(max-width: 1920px) 100vw, 1920px\" \/><\/li>\n                <li style=\"display: none; width: 100%;\" class=\"slide-1575 ms-image \" aria-roledescription=\"slide\" data-date=\"2024-12-21 22:51:39\"><img loading=\"lazy\" decoding=\"async\" width=\"1920\" height=\"1280\" src=\"https:\/\/www.merama.de\/wp-content\/uploads\/2024\/12\/2.Lageplan.png-1_cropped.webp\" class=\"slider-1558 slide-1575 msDefaultImage\" alt=\"n\" rel=\"\" title=\"2.Lageplan.png-1_cropped\" srcset=\"https:\/\/www.merama.de\/wp-content\/uploads\/2024\/12\/2.Lageplan.png-1_cropped.webp 1920w, https:\/\/www.merama.de\/wp-content\/uploads\/2024\/12\/2.Lageplan.png-1_cropped-300x200.webp 300w, https:\/\/www.merama.de\/wp-content\/uploads\/2024\/12\/2.Lageplan.png-1_cropped-1024x683.webp 1024w, https:\/\/www.merama.de\/wp-content\/uploads\/2024\/12\/2.Lageplan.png-1_cropped-768x512.webp 768w, https:\/\/www.merama.de\/wp-content\/uploads\/2024\/12\/2.Lageplan.png-1_cropped-1536x1024.webp 1536w\" sizes=\"(max-width: 1920px) 100vw, 1920px\" \/><\/li>\n                <li style=\"display: none; width: 100%;\" class=\"slide-1576 ms-image \" aria-roledescription=\"slide\" data-date=\"2024-12-21 22:51:39\"><img loading=\"lazy\" decoding=\"async\" width=\"1920\" height=\"1280\" src=\"https:\/\/www.merama.de\/wp-content\/uploads\/2024\/12\/3.DA_.webp\" class=\"slider-1558 slide-1576 msDefaultImage\" alt=\"n\" rel=\"\" title=\"3.DA\" srcset=\"https:\/\/www.merama.de\/wp-content\/uploads\/2024\/12\/3.DA_.webp 1920w, https:\/\/www.merama.de\/wp-content\/uploads\/2024\/12\/3.DA_-300x200.webp 300w, https:\/\/www.merama.de\/wp-content\/uploads\/2024\/12\/3.DA_-1024x683.webp 1024w, https:\/\/www.merama.de\/wp-content\/uploads\/2024\/12\/3.DA_-768x512.webp 768w, https:\/\/www.merama.de\/wp-content\/uploads\/2024\/12\/3.DA_-1536x1024.webp 1536w\" sizes=\"(max-width: 1920px) 100vw, 1920px\" \/><\/li>\n                <li style=\"display: none; width: 100%;\" class=\"slide-1577 ms-image \" aria-roledescription=\"slide\" data-date=\"2024-12-21 22:51:39\"><img loading=\"lazy\" decoding=\"async\" width=\"1920\" height=\"1280\" src=\"https:\/\/www.merama.de\/wp-content\/uploads\/2024\/12\/4.UG_.webp\" class=\"slider-1558 slide-1577 msDefaultImage\" alt=\"n\" rel=\"\" title=\"4.UG\" srcset=\"https:\/\/www.merama.de\/wp-content\/uploads\/2024\/12\/4.UG_.webp 1920w, https:\/\/www.merama.de\/wp-content\/uploads\/2024\/12\/4.UG_-300x200.webp 300w, https:\/\/www.merama.de\/wp-content\/uploads\/2024\/12\/4.UG_-1024x683.webp 1024w, https:\/\/www.merama.de\/wp-content\/uploads\/2024\/12\/4.UG_-768x512.webp 768w, https:\/\/www.merama.de\/wp-content\/uploads\/2024\/12\/4.UG_-1536x1024.webp 1536w\" sizes=\"(max-width: 1920px) 100vw, 1920px\" \/><\/li>\n                <li style=\"display: none; width: 100%;\" class=\"slide-1578 ms-image \" aria-roledescription=\"slide\" data-date=\"2024-12-21 22:51:39\"><img loading=\"lazy\" decoding=\"async\" width=\"1920\" height=\"1280\" src=\"https:\/\/www.merama.de\/wp-content\/uploads\/2024\/12\/5.Schnitt.webp\" class=\"slider-1558 slide-1578 msDefaultImage\" alt=\"n\" rel=\"\" title=\"5.Schnitt\" srcset=\"https:\/\/www.merama.de\/wp-content\/uploads\/2024\/12\/5.Schnitt.webp 1920w, https:\/\/www.merama.de\/wp-content\/uploads\/2024\/12\/5.Schnitt-300x200.webp 300w, https:\/\/www.merama.de\/wp-content\/uploads\/2024\/12\/5.Schnitt-1024x683.webp 1024w, https:\/\/www.merama.de\/wp-content\/uploads\/2024\/12\/5.Schnitt-768x512.webp 768w, https:\/\/www.merama.de\/wp-content\/uploads\/2024\/12\/5.Schnitt-1536x1024.webp 1536w\" sizes=\"(max-width: 1920px) 100vw, 1920px\" \/><\/li>\n            <\/ul>\n        <\/div>\n        \n    <\/div>\n<\/div><\/div>\n\t\t\t\t\t\t<\/div>\n\t\t\t\t<\/div>\n\t\t\t\t\t<\/div>\n\t\t\t\t<\/div>\n\t\t<div class=\"elementor-element elementor-element-4712431 e-flex e-con-boxed e-con e-parent\" data-id=\"4712431\" data-element_type=\"container\" data-e-type=\"container\">\n\t\t\t\t\t<div class=\"e-con-inner\">\n\t\t<div class=\"elementor-element elementor-element-6e9b2c7 e-con-full e-flex e-con e-child\" data-id=\"6e9b2c7\" data-element_type=\"container\" data-e-type=\"container\">\n\t\t\t\t<div class=\"elementor-element elementor-element-840043e elementor-widget elementor-widget-text-editor\" data-id=\"840043e\" data-element_type=\"widget\" data-e-type=\"widget\" data-widget_type=\"text-editor.default\">\n\t\t\t\t<div class=\"elementor-widget-container\">\n\t\t\t\t\t\t\t\t\t<p>03\/2017-03\/2020 Projektleitung f\u00fcr Auer Weber Architekten<\/p><p>Fertigstellung 2020, Lph 2 \u2013 8 HOAI<br \/>BGF 3.400 qm, BRI 16.000 cbm, NUF 1.550 qm,\u00a0<br \/>Baukosten KG 200-700 ca. 20 Mio EUR netto<\/p><p>Bauherr*in: Dieter-Schwarz-Stiftung GmbH, Heilbronn<br \/>Objekt\u00fcberwachung: Guggenberger+Ott Architekten GmbH<br \/>Statik: sbp schleich bergermann partner<br \/>Haustechnik: Schreiber Ingenieure Systemplanung GmbH<\/p><p><strong>2020 Auszeichnung f\u00fcr Beispielhaftes Bauen, Architektenkammer BW<\/strong><br \/><strong>2023 Hugo H\u00e4ring Auszeichnung, Bund Deutscher Architekten<\/strong><\/p>\t\t\t\t\t\t\t\t<\/div>\n\t\t\t\t<\/div>\n\t\t\t\t<div class=\"elementor-element elementor-element-ca3d001 elementor-widget__width-initial elementor-widget elementor-widget-text-editor\" data-id=\"ca3d001\" data-element_type=\"widget\" data-e-type=\"widget\" data-widget_type=\"text-editor.default\">\n\t\t\t\t<div class=\"elementor-widget-container\">\n\t\t\t\t\t\t\t\t\t<p>Ver\u00f6ffentlichungen:<\/p>\t\t\t\t\t\t\t\t<\/div>\n\t\t\t\t<\/div>\n\t\t\t\t<div class=\"elementor-element elementor-element-ce3ffee elementor-widget__width-initial elementor-widget elementor-widget-text-editor\" data-id=\"ce3ffee\" data-element_type=\"widget\" data-e-type=\"widget\" data-widget_type=\"text-editor.default\">\n\t\t\t\t<div class=\"elementor-widget-container\">\n\t\t\t\t\t\t\t\t\t<p>\u201eFertile ground. Auer Weber\u2019s multiple structures for a German university campus teach lessons in innovation and resourcefulness\u201c,\u00a0Zeitschrift: <strong>Interior Design<\/strong> S. 82-90 mit Interview, Ausgabe 08.2020<\/p>\t\t\t\t\t\t\t\t<\/div>\n\t\t\t\t<\/div>\n\t\t\t\t<div class=\"elementor-element elementor-element-a40fe02 elementor-widget elementor-widget-heading\" data-id=\"a40fe02\" data-element_type=\"widget\" data-e-type=\"widget\" data-widget_type=\"heading.default\">\n\t\t\t\t<div class=\"elementor-widget-container\">\n\t\t\t\t\t<h2 class=\"elementor-heading-title elementor-size-default\"><a href=\"https:\/\/interiordesign.net\/projects\/auer-weber-s-multiple-structures-for-a-german-university-campus-teach-lessons-in-innovation\/\">\n\nhttps:\/\/interiordesign.net\/projects\/auer-weber-s-multiple-structures-for-a-german-university-campus-teach-lessons-in-innovation\/<\/a><\/h2>\t\t\t\t<\/div>\n\t\t\t\t<\/div>\n\t\t\t\t<div class=\"elementor-element elementor-element-04edba9 elementor-widget__width-initial elementor-widget elementor-widget-text-editor\" data-id=\"04edba9\" data-element_type=\"widget\" data-e-type=\"widget\" data-widget_type=\"text-editor.default\">\n\t\t\t\t<div class=\"elementor-widget-container\">\n\t\t\t\t\t\t\t\t\t<p>\u00a0<\/p><p><strong>Jahrbuch der Architektur<\/strong> 22\/21 S.20-25, Herausgeber: Deutscher Architektur Verlag, ISBN 978-3-946154-65-5<\/p>\t\t\t\t\t\t\t\t<\/div>\n\t\t\t\t<\/div>\n\t\t\t\t<div class=\"elementor-element elementor-element-6f844e4 elementor-widget__width-initial elementor-widget elementor-widget-text-editor\" data-id=\"6f844e4\" data-element_type=\"widget\" data-e-type=\"widget\" data-widget_type=\"text-editor.default\">\n\t\t\t\t<div class=\"elementor-widget-container\">\n\t\t\t\t\t\t\t\t\t<p>\u201eBibliothek und Mensa. Bildungscampus Heilbronn\u201c in Zeitschrift: <strong>Schulbau<\/strong> S. 16-19, Ausgabe 3\/2020<\/p><p>\u00a0<\/p>\t\t\t\t\t\t\t\t<\/div>\n\t\t\t\t<\/div>\n\t\t\t\t<\/div>\n\t\t<div class=\"elementor-element elementor-element-9558229 e-con-full e-flex e-con e-child\" data-id=\"9558229\" data-element_type=\"container\" data-e-type=\"container\">\n\t\t\t\t<div class=\"elementor-element elementor-element-7b6fc50 elementor-widget elementor-widget-text-editor\" data-id=\"7b6fc50\" data-element_type=\"widget\" data-e-type=\"widget\" data-widget_type=\"text-editor.default\">\n\t\t\t\t<div class=\"elementor-widget-container\">\n\t\t\t\t\t\t\t\t\t<p>Die Mensa des Bildungscampus III wurde als unterirdisches Geb\u00e4ude im Zentrum des Hauptplatzes konzipiert. Ihre organisch geschwungene Grundform entwickelt sich aus den umliegenden Wegebeziehungen, die den Platz umrunden und diagonal durchqueren. Die beiden muschelf\u00f6rmigen Schalen, unter denen sich Gastraum und K\u00fcche befinden, sind begehbar gestaltet: Ihre flach ansteigende Form l\u00e4dt zum Besteigen ein und erweitert die Platzfl\u00e4che um eine nutzbare Landschaftsebene.<\/p><p>Der zentrale Gastraum dient als multifunktionaler Begegnungsort: W\u00e4hrend der Mittagszeit als Mensa genutzt, steht er au\u00dferhalb dieser Zeiten f\u00fcr den Austausch, selbstorganisiertes Lernen und schulische Veranstaltungen offen. Unterschiedliche Raumh\u00f6hen zwischen 3,5 und 8 Metern unter der flie\u00dfenden Deckenform, der eingeschnittene Tiefhof sowie fest integrierte Sitzlandschaften gliedern den Raum subtil, ohne ihn zu zerteilen.<\/p><p>Materialit\u00e4t und k\u00fcnstlerische Gestaltung unterstreichen die besondere Raumatmosph\u00e4re: Der Bodenbelag aus markantem Eichen-Hirnholzparkett verleiht dem Raum eine robuste, sinnliche Qualit\u00e4t. Entlang der umlaufenden, 80 Meter langen Wand sind menschengro\u00dfe Figuren in Sgraffito-Technik aufgebracht, die dem Raum eine narrative Dimension geben. Die mehrfach gekr\u00fcmmte Stahlbetonschale wurde mit einem akustisch wirksamen Putzsystem mit Mineralwolle versehen. Frei geformte Pendelleuchten aus transluzentem Kunststoff akzentuieren die flie\u00dfende Deckenlandschaft.<\/p>\t\t\t\t\t\t\t\t<\/div>\n\t\t\t\t<\/div>\n\t\t\t\t<\/div>\n\t\t\t\t\t<\/div>\n\t\t\t\t<\/div>\n\t\t\t\t<\/div>\n\t\t","protected":false},"excerpt":{"rendered":"<p>03\/2017-03\/2020 Projektleitung f\u00fcr Auer Weber Architekten Fertigstellung 2020, Lph 2 \u2013 8 HOAIBGF 3.400 qm, BRI 16.000 cbm, NUF 1.550 qm,\u00a0Baukosten KG 200-700 ca. 20 Mio EUR netto Bauherr*in: Dieter-Schwarz-Stiftung GmbH, HeilbronnObjekt\u00fcberwachung: Guggenberger+Ott Architekten GmbHStatik: sbp schleich bergermann partnerHaustechnik: Schreiber Ingenieure Systemplanung GmbH 2020 Auszeichnung f\u00fcr Beispielhaftes Bauen, Architektenkammer BW2023 Hugo H\u00e4ring Auszeichnung, Bund Deutscher [&hellip;]<\/p>\n","protected":false},"author":2,"featured_media":0,"parent":0,"menu_order":0,"comment_status":"closed","ping_status":"closed","template":"","meta":{"ocean_post_layout":"full-screen","ocean_both_sidebars_style":"","ocean_both_sidebars_content_width":0,"ocean_both_sidebars_sidebars_width":0,"ocean_sidebar":"","ocean_second_sidebar":"","ocean_disable_margins":"enable","ocean_add_body_class":"","ocean_shortcode_before_top_bar":"","ocean_shortcode_after_top_bar":"","ocean_shortcode_before_header":"","ocean_shortcode_after_header":"","ocean_has_shortcode":"","ocean_shortcode_after_title":"","ocean_shortcode_before_footer_widgets":"","ocean_shortcode_after_footer_widgets":"","ocean_shortcode_before_footer_bottom":"","ocean_shortcode_after_footer_bottom":"","ocean_display_top_bar":"off","ocean_display_header":"default","ocean_header_style":"","ocean_center_header_left_menu":"","ocean_custom_header_template":"","ocean_custom_logo":0,"ocean_custom_retina_logo":0,"ocean_custom_logo_max_width":0,"ocean_custom_logo_tablet_max_width":0,"ocean_custom_logo_mobile_max_width":0,"ocean_custom_logo_max_height":0,"ocean_custom_logo_tablet_max_height":0,"ocean_custom_logo_mobile_max_height":0,"ocean_header_custom_menu":"","ocean_menu_typo_font_family":"","ocean_menu_typo_font_subset":"","ocean_menu_typo_font_size":0,"ocean_menu_typo_font_size_tablet":0,"ocean_menu_typo_font_size_mobile":0,"ocean_menu_typo_font_size_unit":"px","ocean_menu_typo_font_weight":"","ocean_menu_typo_font_weight_tablet":"","ocean_menu_typo_font_weight_mobile":"","ocean_menu_typo_transform":"","ocean_menu_typo_transform_tablet":"","ocean_menu_typo_transform_mobile":"","ocean_menu_typo_line_height":0,"ocean_menu_typo_line_height_tablet":0,"ocean_menu_typo_line_height_mobile":0,"ocean_menu_typo_line_height_unit":"","ocean_menu_typo_spacing":0,"ocean_menu_typo_spacing_tablet":0,"ocean_menu_typo_spacing_mobile":0,"ocean_menu_typo_spacing_unit":"","ocean_menu_link_color":"","ocean_menu_link_color_hover":"","ocean_menu_link_color_active":"","ocean_menu_link_background":"","ocean_menu_link_hover_background":"","ocean_menu_link_active_background":"","ocean_menu_social_links_bg":"","ocean_menu_social_hover_links_bg":"","ocean_menu_social_links_color":"","ocean_menu_social_hover_links_color":"","ocean_disable_title":"on","ocean_disable_heading":"default","ocean_post_title":"","ocean_post_subheading":"","ocean_post_title_style":"","ocean_post_title_background_color":"","ocean_post_title_background":0,"ocean_post_title_bg_image_position":"","ocean_post_title_bg_image_attachment":"","ocean_post_title_bg_image_repeat":"","ocean_post_title_bg_image_size":"","ocean_post_title_height":0,"ocean_post_title_bg_overlay":0.5,"ocean_post_title_bg_overlay_color":"","ocean_disable_breadcrumbs":"default","ocean_breadcrumbs_color":"","ocean_breadcrumbs_separator_color":"","ocean_breadcrumbs_links_color":"","ocean_breadcrumbs_links_hover_color":"","ocean_display_footer_widgets":"off","ocean_display_footer_bottom":"off","ocean_custom_footer_template":"","footnotes":""},"class_list":["post-153","page","type-page","status-publish","hentry","entry"],"_links":{"self":[{"href":"https:\/\/www.merama.de\/index.php?rest_route=\/wp\/v2\/pages\/153","targetHints":{"allow":["GET"]}}],"collection":[{"href":"https:\/\/www.merama.de\/index.php?rest_route=\/wp\/v2\/pages"}],"about":[{"href":"https:\/\/www.merama.de\/index.php?rest_route=\/wp\/v2\/types\/page"}],"author":[{"embeddable":true,"href":"https:\/\/www.merama.de\/index.php?rest_route=\/wp\/v2\/users\/2"}],"replies":[{"embeddable":true,"href":"https:\/\/www.merama.de\/index.php?rest_route=%2Fwp%2Fv2%2Fcomments&post=153"}],"version-history":[{"count":140,"href":"https:\/\/www.merama.de\/index.php?rest_route=\/wp\/v2\/pages\/153\/revisions"}],"predecessor-version":[{"id":2188,"href":"https:\/\/www.merama.de\/index.php?rest_route=\/wp\/v2\/pages\/153\/revisions\/2188"}],"wp:attachment":[{"href":"https:\/\/www.merama.de\/index.php?rest_route=%2Fwp%2Fv2%2Fmedia&parent=153"}],"curies":[{"name":"wp","href":"https:\/\/api.w.org\/{rel}","templated":true}]}}