{"id":150,"date":"2024-11-02T20:29:34","date_gmt":"2024-11-02T19:29:34","guid":{"rendered":"https:\/\/www.merama.de\/?page_id=150"},"modified":"2025-05-05T13:51:35","modified_gmt":"2025-05-05T11:51:35","slug":"neubau-und-sanierung-glemstalschule","status":"publish","type":"page","link":"https:\/\/www.merama.de\/?page_id=150","title":{"rendered":"Neubau und Sanierung Glemstalschule"},"content":{"rendered":"\t\t<div data-elementor-type=\"wp-page\" data-elementor-id=\"150\" class=\"elementor elementor-150\">\n\t\t\t\t<div class=\"elementor-element elementor-element-d96f780 e-flex e-con-boxed e-con e-parent\" data-id=\"d96f780\" data-element_type=\"container\" data-e-type=\"container\">\n\t\t\t\t\t<div class=\"e-con-inner\">\n\t\t\t\t<div class=\"elementor-element elementor-element-d9d838f elementor-widget elementor-widget-shortcode\" data-id=\"d9d838f\" data-element_type=\"widget\" data-e-type=\"widget\" data-widget_type=\"shortcode.default\">\n\t\t\t\t<div class=\"elementor-widget-container\">\n\t\t\t\t\t\t\t<div class=\"elementor-shortcode\"><div id=\"metaslider-id-1579\" style=\"max-width: 1920px; margin: 0 auto;\" class=\"ml-slider-3-101-0 metaslider metaslider-flex metaslider-1579 ml-slider has-onhover-arrows ms-theme-cubic nav-hidden\" role=\"region\" aria-label=\"Projekt_Glemstalschule\" data-height=\"1200\" data-width=\"1920\">\n    <div id=\"metaslider_container_1579\">\n        <div id=\"metaslider_1579\">\n            <ul class='slides'>\n                <li style=\"display: block; width: 100%;\" class=\"slide-1588 ms-image \" aria-roledescription=\"slide\" data-date=\"2024-12-21 23:23:12\"><img fetchpriority=\"high\" decoding=\"async\" width=\"1920\" height=\"1280\" src=\"https:\/\/www.merama.de\/wp-content\/uploads\/2024\/12\/210705_Auer-Weber-Muenchen_Glemstalschule_cam2-1.webp\" class=\"slider-1579 slide-1588 msDefaultImage\" alt=\"n\" rel=\"\" title=\"210705_Auer-Weber-Muenchen_Glemstalschule_cam2\" srcset=\"https:\/\/www.merama.de\/wp-content\/uploads\/2024\/12\/210705_Auer-Weber-Muenchen_Glemstalschule_cam2-1.webp 1920w, https:\/\/www.merama.de\/wp-content\/uploads\/2024\/12\/210705_Auer-Weber-Muenchen_Glemstalschule_cam2-1-300x200.webp 300w, https:\/\/www.merama.de\/wp-content\/uploads\/2024\/12\/210705_Auer-Weber-Muenchen_Glemstalschule_cam2-1-1024x683.webp 1024w, https:\/\/www.merama.de\/wp-content\/uploads\/2024\/12\/210705_Auer-Weber-Muenchen_Glemstalschule_cam2-1-768x512.webp 768w, https:\/\/www.merama.de\/wp-content\/uploads\/2024\/12\/210705_Auer-Weber-Muenchen_Glemstalschule_cam2-1-1536x1024.webp 1536w\" sizes=\"(max-width: 1920px) 100vw, 1920px\" \/><\/li>\n                <li style=\"display: none; width: 100%;\" class=\"slide-1589 ms-image \" aria-roledescription=\"slide\" data-date=\"2024-12-21 23:23:12\"><img decoding=\"async\" width=\"1920\" height=\"1280\" src=\"https:\/\/www.merama.de\/wp-content\/uploads\/2024\/12\/210705_Auer-Weber-Muenchen_Glemstalschule_cam3-1.webp\" class=\"slider-1579 slide-1589 msDefaultImage\" alt=\"n\" rel=\"\" title=\"210705_Auer-Weber-Muenchen_Glemstalschule_cam3\" srcset=\"https:\/\/www.merama.de\/wp-content\/uploads\/2024\/12\/210705_Auer-Weber-Muenchen_Glemstalschule_cam3-1.webp 1920w, https:\/\/www.merama.de\/wp-content\/uploads\/2024\/12\/210705_Auer-Weber-Muenchen_Glemstalschule_cam3-1-300x200.webp 300w, https:\/\/www.merama.de\/wp-content\/uploads\/2024\/12\/210705_Auer-Weber-Muenchen_Glemstalschule_cam3-1-1024x683.webp 1024w, https:\/\/www.merama.de\/wp-content\/uploads\/2024\/12\/210705_Auer-Weber-Muenchen_Glemstalschule_cam3-1-768x512.webp 768w, https:\/\/www.merama.de\/wp-content\/uploads\/2024\/12\/210705_Auer-Weber-Muenchen_Glemstalschule_cam3-1-1536x1024.webp 1536w\" sizes=\"(max-width: 1920px) 100vw, 1920px\" \/><\/li>\n                <li style=\"display: none; width: 100%;\" class=\"slide-1590 ms-image \" aria-roledescription=\"slide\" data-date=\"2024-12-21 23:23:12\"><img decoding=\"async\" width=\"1920\" height=\"1280\" src=\"https:\/\/www.merama.de\/wp-content\/uploads\/2024\/12\/2.Lageplan.png-1.webp\" class=\"slider-1579 slide-1590 msDefaultImage\" alt=\"n\" rel=\"\" title=\"2.Lageplan.png-1\" srcset=\"https:\/\/www.merama.de\/wp-content\/uploads\/2024\/12\/2.Lageplan.png-1.webp 1920w, https:\/\/www.merama.de\/wp-content\/uploads\/2024\/12\/2.Lageplan.png-1-300x200.webp 300w, https:\/\/www.merama.de\/wp-content\/uploads\/2024\/12\/2.Lageplan.png-1-1024x683.webp 1024w, https:\/\/www.merama.de\/wp-content\/uploads\/2024\/12\/2.Lageplan.png-1-768x512.webp 768w, https:\/\/www.merama.de\/wp-content\/uploads\/2024\/12\/2.Lageplan.png-1-1536x1024.webp 1536w\" sizes=\"(max-width: 1920px) 100vw, 1920px\" \/><\/li>\n                <li style=\"display: none; width: 100%;\" class=\"slide-1591 ms-image \" aria-roledescription=\"slide\" data-date=\"2024-12-21 23:23:12\"><img loading=\"lazy\" decoding=\"async\" width=\"1920\" height=\"1280\" src=\"https:\/\/www.merama.de\/wp-content\/uploads\/2024\/12\/3.EG_.png-1.webp\" class=\"slider-1579 slide-1591 msDefaultImage\" alt=\"n\" rel=\"\" title=\"3.EG.png-1\" srcset=\"https:\/\/www.merama.de\/wp-content\/uploads\/2024\/12\/3.EG_.png-1.webp 1920w, https:\/\/www.merama.de\/wp-content\/uploads\/2024\/12\/3.EG_.png-1-300x200.webp 300w, https:\/\/www.merama.de\/wp-content\/uploads\/2024\/12\/3.EG_.png-1-1024x683.webp 1024w, https:\/\/www.merama.de\/wp-content\/uploads\/2024\/12\/3.EG_.png-1-768x512.webp 768w, https:\/\/www.merama.de\/wp-content\/uploads\/2024\/12\/3.EG_.png-1-1536x1024.webp 1536w\" sizes=\"(max-width: 1920px) 100vw, 1920px\" \/><\/li>\n                <li style=\"display: none; width: 100%;\" class=\"slide-1592 ms-image \" aria-roledescription=\"slide\" data-date=\"2024-12-21 23:23:12\"><img loading=\"lazy\" decoding=\"async\" width=\"1920\" height=\"1280\" src=\"https:\/\/www.merama.de\/wp-content\/uploads\/2024\/12\/4.OG_.png-1.webp\" class=\"slider-1579 slide-1592 msDefaultImage\" alt=\"n\" rel=\"\" title=\"4.OG.png-1\" srcset=\"https:\/\/www.merama.de\/wp-content\/uploads\/2024\/12\/4.OG_.png-1.webp 1920w, https:\/\/www.merama.de\/wp-content\/uploads\/2024\/12\/4.OG_.png-1-300x200.webp 300w, https:\/\/www.merama.de\/wp-content\/uploads\/2024\/12\/4.OG_.png-1-1024x683.webp 1024w, https:\/\/www.merama.de\/wp-content\/uploads\/2024\/12\/4.OG_.png-1-768x512.webp 768w, https:\/\/www.merama.de\/wp-content\/uploads\/2024\/12\/4.OG_.png-1-1536x1024.webp 1536w\" sizes=\"(max-width: 1920px) 100vw, 1920px\" \/><\/li>\n                <li style=\"display: none; width: 100%;\" class=\"slide-1593 ms-image \" aria-roledescription=\"slide\" data-date=\"2024-12-21 23:23:12\"><img loading=\"lazy\" decoding=\"async\" width=\"1920\" height=\"1280\" src=\"https:\/\/www.merama.de\/wp-content\/uploads\/2024\/12\/5.Schnitt.png-1.webp\" class=\"slider-1579 slide-1593 msDefaultImage\" alt=\"n\" rel=\"\" title=\"5.Schnitt.png-1\" srcset=\"https:\/\/www.merama.de\/wp-content\/uploads\/2024\/12\/5.Schnitt.png-1.webp 1920w, https:\/\/www.merama.de\/wp-content\/uploads\/2024\/12\/5.Schnitt.png-1-300x200.webp 300w, https:\/\/www.merama.de\/wp-content\/uploads\/2024\/12\/5.Schnitt.png-1-1024x683.webp 1024w, https:\/\/www.merama.de\/wp-content\/uploads\/2024\/12\/5.Schnitt.png-1-768x512.webp 768w, https:\/\/www.merama.de\/wp-content\/uploads\/2024\/12\/5.Schnitt.png-1-1536x1024.webp 1536w\" sizes=\"(max-width: 1920px) 100vw, 1920px\" \/><\/li>\n            <\/ul>\n        <\/div>\n        \n    <\/div>\n<\/div><\/div>\n\t\t\t\t\t\t<\/div>\n\t\t\t\t<\/div>\n\t\t\t\t\t<\/div>\n\t\t\t\t<\/div>\n\t\t<div class=\"elementor-element elementor-element-981654f e-flex e-con-boxed e-con e-parent\" data-id=\"981654f\" data-element_type=\"container\" data-e-type=\"container\">\n\t\t\t\t\t<div class=\"e-con-inner\">\n\t\t<div class=\"elementor-element elementor-element-422c60f e-con-full e-flex e-con e-child\" data-id=\"422c60f\" data-element_type=\"container\" data-e-type=\"container\">\n\t\t\t\t<div class=\"elementor-element elementor-element-1e57aff elementor-widget elementor-widget-text-editor\" data-id=\"1e57aff\" data-element_type=\"widget\" data-e-type=\"widget\" data-widget_type=\"text-editor.default\">\n\t\t\t\t<div class=\"elementor-widget-container\">\n\t\t\t\t\t\t\t\t\t<p>10\/21-05\/24 Projektleitung Auer Weber Architekten<\/p><p>Fertigstellung Neubau 06\/23<br \/>Fertigstellung Bestand geplant 2025\u00a0<br \/>Lph 2 \u2013 5 HOAI<br \/>BGF 6.800 qm, BRI 27.000 cbm, NUF 4.250 qm,\u00a0<br \/>Baukosten KG 200-700 28 Mio EUR netto<\/p><p>Bauherr*in: Gemeinde Schwieberdingen und Hemmingen<br \/>Inverstor*in: Goldbeck S\u00fcd GmbH<br \/>Landschaft: faktorgruen Landschaftsarchitekten<\/p><p><strong>2024 Tag der Architektur Ludwigsburg Architektenkammer Baden-W\u00fcrttemberg<\/strong><\/p><p>Perspektiven: loomn Architekturkommunikation<\/p>\t\t\t\t\t\t\t\t<\/div>\n\t\t\t\t<\/div>\n\t\t\t\t<\/div>\n\t\t<div class=\"elementor-element elementor-element-7b9f4ed e-con-full e-flex e-con e-child\" data-id=\"7b9f4ed\" data-element_type=\"container\" data-e-type=\"container\">\n\t\t\t\t<div class=\"elementor-element elementor-element-210c11e elementor-widget elementor-widget-text-editor\" data-id=\"210c11e\" data-element_type=\"widget\" data-e-type=\"widget\" data-widget_type=\"text-editor.default\">\n\t\t\t\t<div class=\"elementor-widget-container\">\n\t\t\t\t\t\t\t\t\t<p>Die Glemstalschule wurde in den 1970er-Jahren am Stadtrand in landschaftlich reizvoller Umgebung errichtet. Im Rahmen der Erweiterung wurde ein Teil des Bestandsgeb\u00e4udes r\u00fcckgebaut, um den Zugang zum Flusslauf der Glems im Osten zu \u00f6ffnen und eine bauliche Entwicklung in westlicher Richtung zu erm\u00f6glichen. Die bestehenden, ann\u00e4hernd quadratischen Klassenh\u00e4user blieben erhalten und dienten in ihrer typologischen Struktur als Grundlage f\u00fcr den Neubau. Der neue Haupteingang wurde zentral innerhalb der erweiterten Anlage positioniert und bildet mit dem Foyer das Herzst\u00fcck der Schule.<\/p><p>Die p\u00e4dagogischen Anforderungen wurden in einer Clusterstruktur organisiert: Jeder Jahrgang belegt ein Geschoss der Klassenh\u00e4user und ist um einen zentralen Lichthof gruppiert. Um diesen lichtdurchfluteten Kern sind offene Lernbereiche angeordnet, die durch einen verbindenden Flur erschlossen werden. Dieser fungiert als Hauptkommunikationsachse.<\/p><p>Um die verschiedenen Bauk\u00f6rper gestalterisch zu einer Einheit zu verbinden, erhielten alle Fassaden eine einheitliche Holzverkleidung mit vertikalen Holzlamellen. Die Holzlamellen kaschieren ma\u00dfliche Unterschiede in H\u00f6henentwicklung und Raster zwischen Alt- und Neubau subtil und vermitteln zwischen den unterschiedlichen Bauteilen. Die neue Fassade aus vorvergrauter L\u00e4rche wurde im Neubau als vorgeh\u00e4ngte, hinterl\u00fcftete Konstruktion auf Betonfertigteilw\u00e4nden des Goldbeck-Systems realisiert. Im Bestand erfolgte die Montage auf neu errichteten Holzst\u00e4nderw\u00e4nden, die auf den bestehenden Stahlbetondecken aufliegen \u2013 ein integrativer Ansatz, der Alt und Neu konstruktiv wie gestalterisch miteinander verzahnt.<\/p><p>\u00a0<\/p>\t\t\t\t\t\t\t\t<\/div>\n\t\t\t\t<\/div>\n\t\t\t\t<\/div>\n\t\t\t\t\t<\/div>\n\t\t\t\t<\/div>\n\t\t\t\t<\/div>\n\t\t","protected":false},"excerpt":{"rendered":"<p>10\/21-05\/24 Projektleitung Auer Weber Architekten Fertigstellung Neubau 06\/23Fertigstellung Bestand geplant 2025\u00a0Lph 2 \u2013 5 HOAIBGF 6.800 qm, BRI 27.000 cbm, NUF 4.250 qm,\u00a0Baukosten KG 200-700 28 Mio EUR netto Bauherr*in: Gemeinde Schwieberdingen und HemmingenInverstor*in: Goldbeck S\u00fcd GmbHLandschaft: faktorgruen Landschaftsarchitekten 2024 Tag der Architektur Ludwigsburg Architektenkammer Baden-W\u00fcrttemberg Perspektiven: loomn Architekturkommunikation Die Glemstalschule wurde in den 1970er-Jahren [&hellip;]<\/p>\n","protected":false},"author":2,"featured_media":0,"parent":0,"menu_order":0,"comment_status":"closed","ping_status":"closed","template":"","meta":{"ocean_post_layout":"full-screen","ocean_both_sidebars_style":"","ocean_both_sidebars_content_width":0,"ocean_both_sidebars_sidebars_width":0,"ocean_sidebar":"","ocean_second_sidebar":"","ocean_disable_margins":"enable","ocean_add_body_class":"","ocean_shortcode_before_top_bar":"","ocean_shortcode_after_top_bar":"","ocean_shortcode_before_header":"","ocean_shortcode_after_header":"","ocean_has_shortcode":"","ocean_shortcode_after_title":"","ocean_shortcode_before_footer_widgets":"","ocean_shortcode_after_footer_widgets":"","ocean_shortcode_before_footer_bottom":"","ocean_shortcode_after_footer_bottom":"","ocean_display_top_bar":"off","ocean_display_header":"default","ocean_header_style":"","ocean_center_header_left_menu":"","ocean_custom_header_template":"","ocean_custom_logo":0,"ocean_custom_retina_logo":0,"ocean_custom_logo_max_width":0,"ocean_custom_logo_tablet_max_width":0,"ocean_custom_logo_mobile_max_width":0,"ocean_custom_logo_max_height":0,"ocean_custom_logo_tablet_max_height":0,"ocean_custom_logo_mobile_max_height":0,"ocean_header_custom_menu":"","ocean_menu_typo_font_family":"","ocean_menu_typo_font_subset":"","ocean_menu_typo_font_size":0,"ocean_menu_typo_font_size_tablet":0,"ocean_menu_typo_font_size_mobile":0,"ocean_menu_typo_font_size_unit":"px","ocean_menu_typo_font_weight":"","ocean_menu_typo_font_weight_tablet":"","ocean_menu_typo_font_weight_mobile":"","ocean_menu_typo_transform":"","ocean_menu_typo_transform_tablet":"","ocean_menu_typo_transform_mobile":"","ocean_menu_typo_line_height":0,"ocean_menu_typo_line_height_tablet":0,"ocean_menu_typo_line_height_mobile":0,"ocean_menu_typo_line_height_unit":"","ocean_menu_typo_spacing":0,"ocean_menu_typo_spacing_tablet":0,"ocean_menu_typo_spacing_mobile":0,"ocean_menu_typo_spacing_unit":"","ocean_menu_link_color":"","ocean_menu_link_color_hover":"","ocean_menu_link_color_active":"","ocean_menu_link_background":"","ocean_menu_link_hover_background":"","ocean_menu_link_active_background":"","ocean_menu_social_links_bg":"","ocean_menu_social_hover_links_bg":"","ocean_menu_social_links_color":"","ocean_menu_social_hover_links_color":"","ocean_disable_title":"on","ocean_disable_heading":"default","ocean_post_title":"","ocean_post_subheading":"","ocean_post_title_style":"","ocean_post_title_background_color":"","ocean_post_title_background":0,"ocean_post_title_bg_image_position":"","ocean_post_title_bg_image_attachment":"","ocean_post_title_bg_image_repeat":"","ocean_post_title_bg_image_size":"","ocean_post_title_height":0,"ocean_post_title_bg_overlay":0.5,"ocean_post_title_bg_overlay_color":"","ocean_disable_breadcrumbs":"default","ocean_breadcrumbs_color":"","ocean_breadcrumbs_separator_color":"","ocean_breadcrumbs_links_color":"","ocean_breadcrumbs_links_hover_color":"","ocean_display_footer_widgets":"off","ocean_display_footer_bottom":"off","ocean_custom_footer_template":"","footnotes":""},"class_list":["post-150","page","type-page","status-publish","hentry","entry"],"_links":{"self":[{"href":"https:\/\/www.merama.de\/index.php?rest_route=\/wp\/v2\/pages\/150","targetHints":{"allow":["GET"]}}],"collection":[{"href":"https:\/\/www.merama.de\/index.php?rest_route=\/wp\/v2\/pages"}],"about":[{"href":"https:\/\/www.merama.de\/index.php?rest_route=\/wp\/v2\/types\/page"}],"author":[{"embeddable":true,"href":"https:\/\/www.merama.de\/index.php?rest_route=\/wp\/v2\/users\/2"}],"replies":[{"embeddable":true,"href":"https:\/\/www.merama.de\/index.php?rest_route=%2Fwp%2Fv2%2Fcomments&post=150"}],"version-history":[{"count":80,"href":"https:\/\/www.merama.de\/index.php?rest_route=\/wp\/v2\/pages\/150\/revisions"}],"predecessor-version":[{"id":2166,"href":"https:\/\/www.merama.de\/index.php?rest_route=\/wp\/v2\/pages\/150\/revisions\/2166"}],"wp:attachment":[{"href":"https:\/\/www.merama.de\/index.php?rest_route=%2Fwp%2Fv2%2Fmedia&parent=150"}],"curies":[{"name":"wp","href":"https:\/\/api.w.org\/{rel}","templated":true}]}}