{"id":147,"date":"2024-11-02T20:28:38","date_gmt":"2024-11-02T19:28:38","guid":{"rendered":"https:\/\/www.merama.de\/?page_id=147"},"modified":"2025-05-05T13:53:08","modified_gmt":"2025-05-05T11:53:08","slug":"wb-neubau-und-sanierung-glemstalschule-in-schwieberdingen-hemmingenwb","status":"publish","type":"page","link":"https:\/\/www.merama.de\/?page_id=147","title":{"rendered":"WB Neubau und Sanierung Glemstalschule in Schwieberdingen-Hemmingen"},"content":{"rendered":"\t\t<div data-elementor-type=\"wp-page\" data-elementor-id=\"147\" class=\"elementor elementor-147\">\n\t\t\t\t<div class=\"elementor-element elementor-element-e075c8c e-flex e-con-boxed e-con e-parent\" data-id=\"e075c8c\" data-element_type=\"container\" data-e-type=\"container\">\n\t\t\t\t\t<div class=\"e-con-inner\">\n\t\t\t\t<div class=\"elementor-element elementor-element-9b17267 elementor-widget elementor-widget-shortcode\" data-id=\"9b17267\" data-element_type=\"widget\" data-e-type=\"widget\" data-widget_type=\"shortcode.default\">\n\t\t\t\t<div class=\"elementor-widget-container\">\n\t\t\t\t\t\t\t<div class=\"elementor-shortcode\"><div id=\"metaslider-id-1419\" style=\"max-width: 1920px; margin: 0 auto;\" class=\"ml-slider-3-101-0 metaslider metaslider-flex metaslider-1419 ml-slider has-onhover-arrows ms-theme-cubic nav-hidden\" role=\"region\" aria-label=\"WB_Glemstalschule\" data-height=\"1200\" data-width=\"1920\">\n    <div id=\"metaslider_container_1419\">\n        <div id=\"metaslider_1419\">\n            <ul class='slides'>\n                <li style=\"display: block; width: 100%;\" class=\"slide-1436 ms-image \" aria-roledescription=\"slide\" data-date=\"2024-12-21 20:16:21\"><img fetchpriority=\"high\" decoding=\"async\" width=\"1920\" height=\"1280\" src=\"https:\/\/www.merama.de\/wp-content\/uploads\/2024\/12\/210705_Auer-Weber-Muenchen_Glemstalschule_cam2.webp\" class=\"slider-1419 slide-1436 msDefaultImage\" alt=\"n\" rel=\"\" title=\"210705_Auer-Weber-Muenchen_Glemstalschule_cam2\" srcset=\"https:\/\/www.merama.de\/wp-content\/uploads\/2024\/12\/210705_Auer-Weber-Muenchen_Glemstalschule_cam2.webp 1920w, https:\/\/www.merama.de\/wp-content\/uploads\/2024\/12\/210705_Auer-Weber-Muenchen_Glemstalschule_cam2-300x200.webp 300w, https:\/\/www.merama.de\/wp-content\/uploads\/2024\/12\/210705_Auer-Weber-Muenchen_Glemstalschule_cam2-1024x683.webp 1024w, https:\/\/www.merama.de\/wp-content\/uploads\/2024\/12\/210705_Auer-Weber-Muenchen_Glemstalschule_cam2-768x512.webp 768w, https:\/\/www.merama.de\/wp-content\/uploads\/2024\/12\/210705_Auer-Weber-Muenchen_Glemstalschule_cam2-1536x1024.webp 1536w\" sizes=\"(max-width: 1920px) 100vw, 1920px\" \/><\/li>\n                <li style=\"display: none; width: 100%;\" class=\"slide-1435 ms-image \" aria-roledescription=\"slide\" data-date=\"2024-12-21 20:16:21\"><img decoding=\"async\" width=\"1920\" height=\"1280\" src=\"https:\/\/www.merama.de\/wp-content\/uploads\/2024\/12\/210705_Auer-Weber-Muenchen_Glemstalschule_cam3.webp\" class=\"slider-1419 slide-1435 msDefaultImage\" alt=\"n\" rel=\"\" title=\"210705_Auer-Weber-Muenchen_Glemstalschule_cam3\" srcset=\"https:\/\/www.merama.de\/wp-content\/uploads\/2024\/12\/210705_Auer-Weber-Muenchen_Glemstalschule_cam3.webp 1920w, https:\/\/www.merama.de\/wp-content\/uploads\/2024\/12\/210705_Auer-Weber-Muenchen_Glemstalschule_cam3-300x200.webp 300w, https:\/\/www.merama.de\/wp-content\/uploads\/2024\/12\/210705_Auer-Weber-Muenchen_Glemstalschule_cam3-1024x683.webp 1024w, https:\/\/www.merama.de\/wp-content\/uploads\/2024\/12\/210705_Auer-Weber-Muenchen_Glemstalschule_cam3-768x512.webp 768w, https:\/\/www.merama.de\/wp-content\/uploads\/2024\/12\/210705_Auer-Weber-Muenchen_Glemstalschule_cam3-1536x1024.webp 1536w\" sizes=\"(max-width: 1920px) 100vw, 1920px\" \/><\/li>\n                <li style=\"display: none; width: 100%;\" class=\"slide-1432 ms-image \" aria-roledescription=\"slide\" data-date=\"2024-12-21 20:16:21\"><img decoding=\"async\" width=\"1920\" height=\"1280\" src=\"https:\/\/www.merama.de\/wp-content\/uploads\/2024\/12\/lageplan-9.webp\" class=\"slider-1419 slide-1432 msDefaultImage\" alt=\"n\" rel=\"\" title=\"lageplan\" srcset=\"https:\/\/www.merama.de\/wp-content\/uploads\/2024\/12\/lageplan-9.webp 1920w, https:\/\/www.merama.de\/wp-content\/uploads\/2024\/12\/lageplan-9-300x200.webp 300w, https:\/\/www.merama.de\/wp-content\/uploads\/2024\/12\/lageplan-9-1024x683.webp 1024w, https:\/\/www.merama.de\/wp-content\/uploads\/2024\/12\/lageplan-9-768x512.webp 768w, https:\/\/www.merama.de\/wp-content\/uploads\/2024\/12\/lageplan-9-1536x1024.webp 1536w\" sizes=\"(max-width: 1920px) 100vw, 1920px\" \/><\/li>\n                <li style=\"display: none; width: 100%;\" class=\"slide-1430 ms-image \" aria-roledescription=\"slide\" data-date=\"2024-12-21 20:16:21\"><img loading=\"lazy\" decoding=\"async\" width=\"1920\" height=\"1280\" src=\"https:\/\/www.merama.de\/wp-content\/uploads\/2024\/12\/picto.webp\" class=\"slider-1419 slide-1430 msDefaultImage\" alt=\"n\" rel=\"\" title=\"picto\" srcset=\"https:\/\/www.merama.de\/wp-content\/uploads\/2024\/12\/picto.webp 1920w, https:\/\/www.merama.de\/wp-content\/uploads\/2024\/12\/picto-300x200.webp 300w, https:\/\/www.merama.de\/wp-content\/uploads\/2024\/12\/picto-1024x683.webp 1024w, https:\/\/www.merama.de\/wp-content\/uploads\/2024\/12\/picto-768x512.webp 768w, https:\/\/www.merama.de\/wp-content\/uploads\/2024\/12\/picto-1536x1024.webp 1536w\" sizes=\"(max-width: 1920px) 100vw, 1920px\" \/><\/li>\n                <li style=\"display: none; width: 100%;\" class=\"slide-1433 ms-image \" aria-roledescription=\"slide\" data-date=\"2024-12-21 20:16:21\"><img loading=\"lazy\" decoding=\"async\" width=\"1920\" height=\"1280\" src=\"https:\/\/www.merama.de\/wp-content\/uploads\/2024\/12\/eg-2.webp\" class=\"slider-1419 slide-1433 msDefaultImage\" alt=\"n\" rel=\"\" title=\"eg\" srcset=\"https:\/\/www.merama.de\/wp-content\/uploads\/2024\/12\/eg-2.webp 1920w, https:\/\/www.merama.de\/wp-content\/uploads\/2024\/12\/eg-2-300x200.webp 300w, https:\/\/www.merama.de\/wp-content\/uploads\/2024\/12\/eg-2-1024x683.webp 1024w, https:\/\/www.merama.de\/wp-content\/uploads\/2024\/12\/eg-2-768x512.webp 768w, https:\/\/www.merama.de\/wp-content\/uploads\/2024\/12\/eg-2-1536x1024.webp 1536w\" sizes=\"(max-width: 1920px) 100vw, 1920px\" \/><\/li>\n                <li style=\"display: none; width: 100%;\" class=\"slide-1431 ms-image \" aria-roledescription=\"slide\" data-date=\"2024-12-21 20:16:21\"><img loading=\"lazy\" decoding=\"async\" width=\"1920\" height=\"1280\" src=\"https:\/\/www.merama.de\/wp-content\/uploads\/2024\/12\/og-1.webp\" class=\"slider-1419 slide-1431 msDefaultImage\" alt=\"n\" rel=\"\" title=\"og\" srcset=\"https:\/\/www.merama.de\/wp-content\/uploads\/2024\/12\/og-1.webp 1920w, https:\/\/www.merama.de\/wp-content\/uploads\/2024\/12\/og-1-300x200.webp 300w, https:\/\/www.merama.de\/wp-content\/uploads\/2024\/12\/og-1-1024x683.webp 1024w, https:\/\/www.merama.de\/wp-content\/uploads\/2024\/12\/og-1-768x512.webp 768w, https:\/\/www.merama.de\/wp-content\/uploads\/2024\/12\/og-1-1536x1024.webp 1536w\" sizes=\"(max-width: 1920px) 100vw, 1920px\" \/><\/li>\n                <li style=\"display: none; width: 100%;\" class=\"slide-1429 ms-image \" aria-roledescription=\"slide\" data-date=\"2024-12-21 20:16:21\"><img loading=\"lazy\" decoding=\"async\" width=\"1920\" height=\"1280\" src=\"https:\/\/www.merama.de\/wp-content\/uploads\/2024\/12\/querschnitte.webp\" class=\"slider-1419 slide-1429 msDefaultImage\" alt=\"n\" rel=\"\" title=\"querschnitte\" srcset=\"https:\/\/www.merama.de\/wp-content\/uploads\/2024\/12\/querschnitte.webp 1920w, https:\/\/www.merama.de\/wp-content\/uploads\/2024\/12\/querschnitte-300x200.webp 300w, https:\/\/www.merama.de\/wp-content\/uploads\/2024\/12\/querschnitte-1024x683.webp 1024w, https:\/\/www.merama.de\/wp-content\/uploads\/2024\/12\/querschnitte-768x512.webp 768w, https:\/\/www.merama.de\/wp-content\/uploads\/2024\/12\/querschnitte-1536x1024.webp 1536w\" sizes=\"(max-width: 1920px) 100vw, 1920px\" \/><\/li>\n                <li style=\"display: none; width: 100%;\" class=\"slide-1434 ms-image \" aria-roledescription=\"slide\" data-date=\"2024-12-21 20:16:21\"><img loading=\"lazy\" decoding=\"async\" width=\"1920\" height=\"1280\" src=\"https:\/\/www.merama.de\/wp-content\/uploads\/2024\/12\/detailschnitte.webp\" class=\"slider-1419 slide-1434 msDefaultImage\" alt=\"n\" rel=\"\" title=\"detailschnitte\" srcset=\"https:\/\/www.merama.de\/wp-content\/uploads\/2024\/12\/detailschnitte.webp 1920w, https:\/\/www.merama.de\/wp-content\/uploads\/2024\/12\/detailschnitte-300x200.webp 300w, https:\/\/www.merama.de\/wp-content\/uploads\/2024\/12\/detailschnitte-1024x683.webp 1024w, https:\/\/www.merama.de\/wp-content\/uploads\/2024\/12\/detailschnitte-768x512.webp 768w, https:\/\/www.merama.de\/wp-content\/uploads\/2024\/12\/detailschnitte-1536x1024.webp 1536w\" sizes=\"(max-width: 1920px) 100vw, 1920px\" \/><\/li>\n                <li style=\"display: none; width: 100%;\" class=\"slide-1518 ms-image \" aria-roledescription=\"slide\" data-date=\"2024-12-21 21:58:22\"><img loading=\"lazy\" decoding=\"async\" width=\"1920\" height=\"1200\" src=\"https:\/\/www.merama.de\/wp-content\/uploads\/2024\/12\/schwieberdingen_03_scaled.webp\" class=\"slider-1419 slide-1518 msDefaultImage\" alt=\"\" rel=\"\" title=\"schwieberdingen_03_scaled\" srcset=\"https:\/\/www.merama.de\/wp-content\/uploads\/2024\/12\/schwieberdingen_03_scaled.webp 1920w, https:\/\/www.merama.de\/wp-content\/uploads\/2024\/12\/schwieberdingen_03_scaled-300x188.webp 300w, https:\/\/www.merama.de\/wp-content\/uploads\/2024\/12\/schwieberdingen_03_scaled-1024x640.webp 1024w, https:\/\/www.merama.de\/wp-content\/uploads\/2024\/12\/schwieberdingen_03_scaled-768x480.webp 768w, https:\/\/www.merama.de\/wp-content\/uploads\/2024\/12\/schwieberdingen_03_scaled-1536x960.webp 1536w\" sizes=\"(max-width: 1920px) 100vw, 1920px\" \/><\/li>\n            <\/ul>\n        <\/div>\n        \n    <\/div>\n<\/div><\/div>\n\t\t\t\t\t\t<\/div>\n\t\t\t\t<\/div>\n\t\t\t\t\t<\/div>\n\t\t\t\t<\/div>\n\t\t<div class=\"elementor-element elementor-element-8ebbdfe e-flex e-con-boxed e-con e-parent\" data-id=\"8ebbdfe\" data-element_type=\"container\" data-e-type=\"container\">\n\t\t\t\t\t<div class=\"e-con-inner\">\n\t\t<div class=\"elementor-element elementor-element-02eebf7 e-con-full e-flex e-con e-child\" data-id=\"02eebf7\" data-element_type=\"container\" data-e-type=\"container\">\n\t\t\t\t<div class=\"elementor-element elementor-element-c504948 elementor-widget elementor-widget-text-editor\" data-id=\"c504948\" data-element_type=\"widget\" data-e-type=\"widget\" data-widget_type=\"text-editor.default\">\n\t\t\t\t<div class=\"elementor-widget-container\">\n\t\t\t\t\t\t\t\t\t<p>03\/2021 Leitung Wettbewerb f\u00fcr Auer Weber Architekten\u00a0<\/p><p><strong>1. Preis, Auftrag<\/strong><\/p><p>Bauherr*in: Gemeinde Schwieberdingen und Hemmingen<\/p><p>Inverstor*in: Goldbeck S\u00fcd GmbH<\/p><p>Landschaft: faktorgruen Landschaftsarchitekten<\/p><p>Perspektive: loomn Architekturkommunikation<\/p><p>Modell: Homolka Modellbau<\/p>\t\t\t\t\t\t\t\t<\/div>\n\t\t\t\t<\/div>\n\t\t\t\t<\/div>\n\t\t<div class=\"elementor-element elementor-element-29a79f9 e-con-full e-flex e-con e-child\" data-id=\"29a79f9\" data-element_type=\"container\" data-e-type=\"container\">\n\t\t\t\t<div class=\"elementor-element elementor-element-57da245 elementor-widget elementor-widget-text-editor\" data-id=\"57da245\" data-element_type=\"widget\" data-e-type=\"widget\" data-widget_type=\"text-editor.default\">\n\t\t\t\t<div class=\"elementor-widget-container\">\n\t\t\t\t\t\t\t\t\t<p>Die Glemstalschule wurde in den 1970er-Jahren am Stadtrand in landschaftlich reizvoller Umgebung errichtet. Im Rahmen der Erweiterung wurde ein Teil des Bestandsgeb\u00e4udes r\u00fcckgebaut, um den Zugang zum Flusslauf der Glems im Osten zu \u00f6ffnen und eine bauliche Entwicklung in westlicher Richtung zu erm\u00f6glichen. Die bestehenden, ann\u00e4hernd quadratischen Klassenh\u00e4user blieben erhalten und dienten in ihrer typologischen Struktur als Grundlage f\u00fcr den Neubau. Der neue Haupteingang wurde zentral innerhalb der erweiterten Anlage positioniert und bildet mit dem Foyer das Herzst\u00fcck der Schule.<\/p><p>Die p\u00e4dagogischen Anforderungen wurden in einer Clusterstruktur organisiert: Jeder Jahrgang belegt ein Geschoss der Klassenh\u00e4user und ist um einen zentralen Lichthof gruppiert. Um diesen lichtdurchfluteten Kern sind offene Lernbereiche angeordnet, die durch einen verbindenden Flur erschlossen werden. Dieser fungiert als Hauptkommunikationsachse.<\/p><p>Siehe auch Projekte &#8211; Glemstalschule.<\/p>\t\t\t\t\t\t\t\t<\/div>\n\t\t\t\t<\/div>\n\t\t\t\t<\/div>\n\t\t\t\t\t<\/div>\n\t\t\t\t<\/div>\n\t\t\t\t<\/div>\n\t\t","protected":false},"excerpt":{"rendered":"<p>03\/2021 Leitung Wettbewerb f\u00fcr Auer Weber Architekten\u00a0 1. Preis, Auftrag Bauherr*in: Gemeinde Schwieberdingen und Hemmingen Inverstor*in: Goldbeck S\u00fcd GmbH Landschaft: faktorgruen Landschaftsarchitekten Perspektive: loomn Architekturkommunikation Modell: Homolka Modellbau Die Glemstalschule wurde in den 1970er-Jahren am Stadtrand in landschaftlich reizvoller Umgebung errichtet. Im Rahmen der Erweiterung wurde ein Teil des Bestandsgeb\u00e4udes r\u00fcckgebaut, um den Zugang zum [&hellip;]<\/p>\n","protected":false},"author":2,"featured_media":0,"parent":0,"menu_order":0,"comment_status":"closed","ping_status":"closed","template":"","meta":{"ocean_post_layout":"full-screen","ocean_both_sidebars_style":"","ocean_both_sidebars_content_width":0,"ocean_both_sidebars_sidebars_width":0,"ocean_sidebar":"","ocean_second_sidebar":"","ocean_disable_margins":"enable","ocean_add_body_class":"","ocean_shortcode_before_top_bar":"","ocean_shortcode_after_top_bar":"","ocean_shortcode_before_header":"","ocean_shortcode_after_header":"","ocean_has_shortcode":"","ocean_shortcode_after_title":"","ocean_shortcode_before_footer_widgets":"","ocean_shortcode_after_footer_widgets":"","ocean_shortcode_before_footer_bottom":"","ocean_shortcode_after_footer_bottom":"","ocean_display_top_bar":"off","ocean_display_header":"default","ocean_header_style":"","ocean_center_header_left_menu":"","ocean_custom_header_template":"","ocean_custom_logo":0,"ocean_custom_retina_logo":0,"ocean_custom_logo_max_width":0,"ocean_custom_logo_tablet_max_width":0,"ocean_custom_logo_mobile_max_width":0,"ocean_custom_logo_max_height":0,"ocean_custom_logo_tablet_max_height":0,"ocean_custom_logo_mobile_max_height":0,"ocean_header_custom_menu":"","ocean_menu_typo_font_family":"","ocean_menu_typo_font_subset":"","ocean_menu_typo_font_size":0,"ocean_menu_typo_font_size_tablet":0,"ocean_menu_typo_font_size_mobile":0,"ocean_menu_typo_font_size_unit":"px","ocean_menu_typo_font_weight":"","ocean_menu_typo_font_weight_tablet":"","ocean_menu_typo_font_weight_mobile":"","ocean_menu_typo_transform":"","ocean_menu_typo_transform_tablet":"","ocean_menu_typo_transform_mobile":"","ocean_menu_typo_line_height":0,"ocean_menu_typo_line_height_tablet":0,"ocean_menu_typo_line_height_mobile":0,"ocean_menu_typo_line_height_unit":"","ocean_menu_typo_spacing":0,"ocean_menu_typo_spacing_tablet":0,"ocean_menu_typo_spacing_mobile":0,"ocean_menu_typo_spacing_unit":"","ocean_menu_link_color":"","ocean_menu_link_color_hover":"","ocean_menu_link_color_active":"","ocean_menu_link_background":"","ocean_menu_link_hover_background":"","ocean_menu_link_active_background":"","ocean_menu_social_links_bg":"","ocean_menu_social_hover_links_bg":"","ocean_menu_social_links_color":"","ocean_menu_social_hover_links_color":"","ocean_disable_title":"on","ocean_disable_heading":"default","ocean_post_title":"","ocean_post_subheading":"","ocean_post_title_style":"","ocean_post_title_background_color":"","ocean_post_title_background":0,"ocean_post_title_bg_image_position":"","ocean_post_title_bg_image_attachment":"","ocean_post_title_bg_image_repeat":"","ocean_post_title_bg_image_size":"","ocean_post_title_height":0,"ocean_post_title_bg_overlay":0.5,"ocean_post_title_bg_overlay_color":"","ocean_disable_breadcrumbs":"default","ocean_breadcrumbs_color":"","ocean_breadcrumbs_separator_color":"","ocean_breadcrumbs_links_color":"","ocean_breadcrumbs_links_hover_color":"","ocean_display_footer_widgets":"off","ocean_display_footer_bottom":"off","ocean_custom_footer_template":"","footnotes":""},"class_list":["post-147","page","type-page","status-publish","hentry","entry"],"_links":{"self":[{"href":"https:\/\/www.merama.de\/index.php?rest_route=\/wp\/v2\/pages\/147","targetHints":{"allow":["GET"]}}],"collection":[{"href":"https:\/\/www.merama.de\/index.php?rest_route=\/wp\/v2\/pages"}],"about":[{"href":"https:\/\/www.merama.de\/index.php?rest_route=\/wp\/v2\/types\/page"}],"author":[{"embeddable":true,"href":"https:\/\/www.merama.de\/index.php?rest_route=\/wp\/v2\/users\/2"}],"replies":[{"embeddable":true,"href":"https:\/\/www.merama.de\/index.php?rest_route=%2Fwp%2Fv2%2Fcomments&post=147"}],"version-history":[{"count":84,"href":"https:\/\/www.merama.de\/index.php?rest_route=\/wp\/v2\/pages\/147\/revisions"}],"predecessor-version":[{"id":2169,"href":"https:\/\/www.merama.de\/index.php?rest_route=\/wp\/v2\/pages\/147\/revisions\/2169"}],"wp:attachment":[{"href":"https:\/\/www.merama.de\/index.php?rest_route=%2Fwp%2Fv2%2Fmedia&parent=147"}],"curies":[{"name":"wp","href":"https:\/\/api.w.org\/{rel}","templated":true}]}}