{"id":144,"date":"2024-11-02T20:27:44","date_gmt":"2024-11-02T19:27:44","guid":{"rendered":"https:\/\/www.merama.de\/?page_id=144"},"modified":"2025-05-05T14:00:15","modified_gmt":"2025-05-05T12:00:15","slug":"wb-neubau-ssb-stadtbahnbetriebshofs-stuttgart-weilimdorf","status":"publish","type":"page","link":"https:\/\/www.merama.de\/?page_id=144","title":{"rendered":"WB Neubau SSB Stadtbahnbetriebshofs. Stuttgart-Weilimdorf"},"content":{"rendered":"\t\t<div data-elementor-type=\"wp-page\" data-elementor-id=\"144\" class=\"elementor elementor-144\">\n\t\t\t\t<div class=\"elementor-element elementor-element-97a82d2 e-flex e-con-boxed e-con e-parent\" data-id=\"97a82d2\" data-element_type=\"container\" data-e-type=\"container\">\n\t\t\t\t\t<div class=\"e-con-inner\">\n\t\t\t\t<div class=\"elementor-element elementor-element-fdc4afb elementor-widget elementor-widget-shortcode\" data-id=\"fdc4afb\" data-element_type=\"widget\" data-e-type=\"widget\" data-widget_type=\"shortcode.default\">\n\t\t\t\t<div class=\"elementor-widget-container\">\n\t\t\t\t\t\t\t<div class=\"elementor-shortcode\"><div id=\"metaslider-id-1437\" style=\"max-width: 1920px; margin: 0 auto;\" class=\"ml-slider-3-101-0 metaslider metaslider-flex metaslider-1437 ml-slider has-onhover-arrows ms-theme-cubic nav-hidden\" role=\"region\" aria-label=\"WB_SSB\" data-height=\"1200\" data-width=\"1920\">\n    <div id=\"metaslider_container_1437\">\n        <div id=\"metaslider_1437\">\n            <ul class='slides'>\n                <li style=\"display: block; width: 100%;\" class=\"slide-1456 ms-image \" aria-roledescription=\"slide\" data-date=\"2024-12-21 20:19:55\"><img fetchpriority=\"high\" decoding=\"async\" width=\"1920\" height=\"1280\" src=\"https:\/\/www.merama.de\/wp-content\/uploads\/2024\/12\/210511_SBS_final_ansicht-nord.webp\" class=\"slider-1437 slide-1456 msDefaultImage\" alt=\"n\" rel=\"\" title=\"210511_SBS_final_ansicht nord\" srcset=\"https:\/\/www.merama.de\/wp-content\/uploads\/2024\/12\/210511_SBS_final_ansicht-nord.webp 1920w, https:\/\/www.merama.de\/wp-content\/uploads\/2024\/12\/210511_SBS_final_ansicht-nord-300x200.webp 300w, https:\/\/www.merama.de\/wp-content\/uploads\/2024\/12\/210511_SBS_final_ansicht-nord-1024x683.webp 1024w, https:\/\/www.merama.de\/wp-content\/uploads\/2024\/12\/210511_SBS_final_ansicht-nord-768x512.webp 768w, https:\/\/www.merama.de\/wp-content\/uploads\/2024\/12\/210511_SBS_final_ansicht-nord-1536x1024.webp 1536w\" sizes=\"(max-width: 1920px) 100vw, 1920px\" \/><\/li>\n                <li style=\"display: none; width: 100%;\" class=\"slide-1457 ms-image \" aria-roledescription=\"slide\" data-date=\"2024-12-21 20:19:55\"><img decoding=\"async\" width=\"1920\" height=\"1280\" src=\"https:\/\/www.merama.de\/wp-content\/uploads\/2024\/12\/210511_SBS_final_ansicht-ost.webp\" class=\"slider-1437 slide-1457 msDefaultImage\" alt=\"n\" rel=\"\" title=\"210511_SBS_final_ansicht ost\" srcset=\"https:\/\/www.merama.de\/wp-content\/uploads\/2024\/12\/210511_SBS_final_ansicht-ost.webp 1920w, https:\/\/www.merama.de\/wp-content\/uploads\/2024\/12\/210511_SBS_final_ansicht-ost-300x200.webp 300w, https:\/\/www.merama.de\/wp-content\/uploads\/2024\/12\/210511_SBS_final_ansicht-ost-1024x683.webp 1024w, https:\/\/www.merama.de\/wp-content\/uploads\/2024\/12\/210511_SBS_final_ansicht-ost-768x512.webp 768w, https:\/\/www.merama.de\/wp-content\/uploads\/2024\/12\/210511_SBS_final_ansicht-ost-1536x1024.webp 1536w\" sizes=\"(max-width: 1920px) 100vw, 1920px\" \/><\/li>\n                <li style=\"display: none; width: 100%;\" class=\"slide-1458 ms-image \" aria-roledescription=\"slide\" data-date=\"2024-12-21 20:19:55\"><img decoding=\"async\" width=\"1920\" height=\"1280\" src=\"https:\/\/www.merama.de\/wp-content\/uploads\/2024\/12\/210511_SBS_final_ansicht-sued.webp\" class=\"slider-1437 slide-1458 msDefaultImage\" alt=\"n\" rel=\"\" title=\"210511_SBS_final_ansicht s\u00fcd\" srcset=\"https:\/\/www.merama.de\/wp-content\/uploads\/2024\/12\/210511_SBS_final_ansicht-sued.webp 1920w, https:\/\/www.merama.de\/wp-content\/uploads\/2024\/12\/210511_SBS_final_ansicht-sued-300x200.webp 300w, https:\/\/www.merama.de\/wp-content\/uploads\/2024\/12\/210511_SBS_final_ansicht-sued-1024x683.webp 1024w, https:\/\/www.merama.de\/wp-content\/uploads\/2024\/12\/210511_SBS_final_ansicht-sued-768x512.webp 768w, https:\/\/www.merama.de\/wp-content\/uploads\/2024\/12\/210511_SBS_final_ansicht-sued-1536x1024.webp 1536w\" sizes=\"(max-width: 1920px) 100vw, 1920px\" \/><\/li>\n                <li style=\"display: none; width: 100%;\" class=\"slide-1461 ms-image \" aria-roledescription=\"slide\" data-date=\"2024-12-21 20:19:55\"><img loading=\"lazy\" decoding=\"async\" width=\"1920\" height=\"1280\" src=\"https:\/\/www.merama.de\/wp-content\/uploads\/2024\/12\/Lageplan-10.webp\" class=\"slider-1437 slide-1461 msDefaultImage\" alt=\"n\" rel=\"\" title=\"Lageplan\" srcset=\"https:\/\/www.merama.de\/wp-content\/uploads\/2024\/12\/Lageplan-10.webp 1920w, https:\/\/www.merama.de\/wp-content\/uploads\/2024\/12\/Lageplan-10-300x200.webp 300w, https:\/\/www.merama.de\/wp-content\/uploads\/2024\/12\/Lageplan-10-1024x683.webp 1024w, https:\/\/www.merama.de\/wp-content\/uploads\/2024\/12\/Lageplan-10-768x512.webp 768w, https:\/\/www.merama.de\/wp-content\/uploads\/2024\/12\/Lageplan-10-1536x1024.webp 1536w\" sizes=\"(max-width: 1920px) 100vw, 1920px\" \/><\/li>\n                <li style=\"display: none; width: 100%;\" class=\"slide-1460 ms-image \" aria-roledescription=\"slide\" data-date=\"2024-12-21 20:19:55\"><img loading=\"lazy\" decoding=\"async\" width=\"1920\" height=\"1280\" src=\"https:\/\/www.merama.de\/wp-content\/uploads\/2024\/12\/Grundrisse.webp\" class=\"slider-1437 slide-1460 msDefaultImage\" alt=\"n\" rel=\"\" title=\"Grundrisse\" srcset=\"https:\/\/www.merama.de\/wp-content\/uploads\/2024\/12\/Grundrisse.webp 1920w, https:\/\/www.merama.de\/wp-content\/uploads\/2024\/12\/Grundrisse-300x200.webp 300w, https:\/\/www.merama.de\/wp-content\/uploads\/2024\/12\/Grundrisse-1024x683.webp 1024w, https:\/\/www.merama.de\/wp-content\/uploads\/2024\/12\/Grundrisse-768x512.webp 768w, https:\/\/www.merama.de\/wp-content\/uploads\/2024\/12\/Grundrisse-1536x1024.webp 1536w\" sizes=\"(max-width: 1920px) 100vw, 1920px\" \/><\/li>\n                <li style=\"display: none; width: 100%;\" class=\"slide-1459 ms-image \" aria-roledescription=\"slide\" data-date=\"2024-12-21 20:19:55\"><img loading=\"lazy\" decoding=\"async\" width=\"1920\" height=\"1280\" src=\"https:\/\/www.merama.de\/wp-content\/uploads\/2024\/12\/detailschnitt-2.webp\" class=\"slider-1437 slide-1459 msDefaultImage\" alt=\"n\" rel=\"\" title=\"detailschnitt\" srcset=\"https:\/\/www.merama.de\/wp-content\/uploads\/2024\/12\/detailschnitt-2.webp 1920w, https:\/\/www.merama.de\/wp-content\/uploads\/2024\/12\/detailschnitt-2-300x200.webp 300w, https:\/\/www.merama.de\/wp-content\/uploads\/2024\/12\/detailschnitt-2-1024x683.webp 1024w, https:\/\/www.merama.de\/wp-content\/uploads\/2024\/12\/detailschnitt-2-768x512.webp 768w, https:\/\/www.merama.de\/wp-content\/uploads\/2024\/12\/detailschnitt-2-1536x1024.webp 1536w\" sizes=\"(max-width: 1920px) 100vw, 1920px\" \/><\/li>\n                <li style=\"display: none; width: 100%;\" class=\"slide-1463 ms-image \" aria-roledescription=\"slide\" data-date=\"2024-12-21 20:19:55\"><img loading=\"lazy\" decoding=\"async\" width=\"1920\" height=\"1280\" src=\"https:\/\/www.merama.de\/wp-content\/uploads\/2024\/12\/ssb-s-weilimdorf-07.webp\" class=\"slider-1437 slide-1463 msDefaultImage\" alt=\"n\" rel=\"\" title=\"ssb s-weilimdorf 07\" srcset=\"https:\/\/www.merama.de\/wp-content\/uploads\/2024\/12\/ssb-s-weilimdorf-07.webp 1920w, https:\/\/www.merama.de\/wp-content\/uploads\/2024\/12\/ssb-s-weilimdorf-07-300x200.webp 300w, https:\/\/www.merama.de\/wp-content\/uploads\/2024\/12\/ssb-s-weilimdorf-07-1024x683.webp 1024w, https:\/\/www.merama.de\/wp-content\/uploads\/2024\/12\/ssb-s-weilimdorf-07-768x512.webp 768w, https:\/\/www.merama.de\/wp-content\/uploads\/2024\/12\/ssb-s-weilimdorf-07-1536x1024.webp 1536w\" sizes=\"(max-width: 1920px) 100vw, 1920px\" \/><\/li>\n                <li style=\"display: none; width: 100%;\" class=\"slide-1464 ms-image \" aria-roledescription=\"slide\" data-date=\"2024-12-21 20:19:55\"><img loading=\"lazy\" decoding=\"async\" width=\"1920\" height=\"1280\" src=\"https:\/\/www.merama.de\/wp-content\/uploads\/2024\/12\/ssb-s-weilimdorf-13.webp\" class=\"slider-1437 slide-1464 msDefaultImage\" alt=\"n\" rel=\"\" title=\"ssb s-weilimdorf 13\" srcset=\"https:\/\/www.merama.de\/wp-content\/uploads\/2024\/12\/ssb-s-weilimdorf-13.webp 1920w, https:\/\/www.merama.de\/wp-content\/uploads\/2024\/12\/ssb-s-weilimdorf-13-300x200.webp 300w, https:\/\/www.merama.de\/wp-content\/uploads\/2024\/12\/ssb-s-weilimdorf-13-1024x683.webp 1024w, https:\/\/www.merama.de\/wp-content\/uploads\/2024\/12\/ssb-s-weilimdorf-13-768x512.webp 768w, https:\/\/www.merama.de\/wp-content\/uploads\/2024\/12\/ssb-s-weilimdorf-13-1536x1024.webp 1536w\" sizes=\"(max-width: 1920px) 100vw, 1920px\" \/><\/li>\n            <\/ul>\n        <\/div>\n        \n    <\/div>\n<\/div><\/div>\n\t\t\t\t\t\t<\/div>\n\t\t\t\t<\/div>\n\t\t\t\t\t<\/div>\n\t\t\t\t<\/div>\n\t\t<div class=\"elementor-element elementor-element-534631c e-flex e-con-boxed e-con e-parent\" data-id=\"534631c\" data-element_type=\"container\" data-e-type=\"container\">\n\t\t\t\t\t<div class=\"e-con-inner\">\n\t\t<div class=\"elementor-element elementor-element-af46977 e-con-full e-flex e-con e-child\" data-id=\"af46977\" data-element_type=\"container\" data-e-type=\"container\">\n\t\t\t\t<div class=\"elementor-element elementor-element-d8a2c3c elementor-widget elementor-widget-text-editor\" data-id=\"d8a2c3c\" data-element_type=\"widget\" data-e-type=\"widget\" data-widget_type=\"text-editor.default\">\n\t\t\t\t<div class=\"elementor-widget-container\">\n\t\t\t\t\t\t\t\t\t<p>05\/2021 Leitung Wettbewerb f\u00fcr Auer Weber Architekten<\/p><p><strong>1. Preis &#8211; Auftrag<\/strong><\/p><p>BGF 16.970 m2<\/p><p><span style=\"font-size: 14px; text-align: var(--text-align);\">Bauherr*in: SSB Stuttgarter Stra\u00dfenbahnen AG<\/span><\/p><p><span style=\"font-size: 14px; text-align: var(--text-align);\">Statik: BOLLINGER+GROHMANN<\/span><\/p><p><span style=\"font-size: 14px; text-align: var(--text-align);\">Landschaft: ghl landschaftsarchitekten und stadtplaner partnerschaft mbb<\/span><\/p><p>Haustechnik: Schreiber Ingenieure Systemplanung GmbH<\/p><p>Perspektive: Sabine Heine architectural illustrations<\/p><p>Modell: Homolka Modellbau GmbH<\/p>\t\t\t\t\t\t\t\t<\/div>\n\t\t\t\t<\/div>\n\t\t\t\t<\/div>\n\t\t<div class=\"elementor-element elementor-element-2134140 e-con-full e-flex e-con e-child\" data-id=\"2134140\" data-element_type=\"container\" data-e-type=\"container\">\n\t\t\t\t<div class=\"elementor-element elementor-element-55f63d0 elementor-widget elementor-widget-text-editor\" data-id=\"55f63d0\" data-element_type=\"widget\" data-e-type=\"widget\" data-widget_type=\"text-editor.default\">\n\t\t\t\t<div class=\"elementor-widget-container\">\n\t\t\t\t\t\t\t\t\t<p>Der SSB-Betriebshof in Stuttgart-Weilimdorf wurde in eine heterogene Nachbarschaft aus Industriegebiet, Wohnbebauung, Bundesstra\u00dfe und offener Feldlandschaft eingebettet. Das Dienst- und Sozialgeb\u00e4ude wurde bewusst in N\u00e4he der Bundesstra\u00dfe positioniert und sorgt dort f\u00fcr eine pr\u00e4gnante Sichtbarkeit des Unternehmens im \u00f6ffentlichen Raum. Auf der S\u00fcdseite schafft eine modellierte Anh\u00f6he nicht nur einen landschaftlich integrierten Aussichtspunkt, sondern dient zugleich als Sicht- und Schallschutz gegen\u00fcber dem angrenzenden Wohngebiet Hausen.<\/p><p>Ein markant geformtes Landschaftsdach, das sich in seinen Linien an den Richtungen der Umgebung orientiert, \u00fcberspannt die gesamte Anlage und fasst sie zu einer gestalterischen Einheit zusammen. Kleine, biodivers bepflanzte Dachfl\u00e4chen, punktuell gesetzte Oberlichter sowie fl\u00e4chenintegrierte Solarpaneele greifen die geometrische Ordnung der umliegenden Felder auf \u2013 inspiriert von einem Bild Paul Klees. Sie st\u00e4rken die visuelle Einbindung der Gesamtanlage in die Landschaft.<\/p><p>Die verwendeten Materialien stammen \u00fcberwiegend aus recycelbaren oder nachwachsenden Rohstoffen. Das weit auskragende Dach besteht aus einem Tragwerk aus Brettschichtholz und vorgefertigten Stahlbetonplatten. Die Geb\u00e4ude selbst sind in Holzkonstruktion mit Brettstapeldecken und Holzst\u00e4nderw\u00e4nden konzipiert. Die feuerbest\u00e4ndigen EI90-Trennw\u00e4nde der Abstellhalle werden aus Lehm hergestellt \u2013 gewonnen aus dem Aushubmaterial des Baugrunds.<\/p><p>Alle Bauk\u00f6rper erhalten eine Fassade aus recycelbarem Profilglas, die eine homogene, fast entmaterialisierte Erscheinung erzeugt. Diese unterstreicht die schwebende Wirkung des Dachtragwerks und st\u00e4rkt dessen Rolle als zentrales Element der Komposition. Aufgrund unterschiedlicher thermischer Anforderungen im Innenraum variiert die Fassadenkonstruktion: Beheizte Geb\u00e4udeteile erhalten eine hinterl\u00fcftete Profilglasfassade auf einer ged\u00e4mmten Holzst\u00e4nderwand; die unbeheizte Abstellhalle wird mit einer einfachen, vorgeh\u00e4ngten Profilglasfassade ausgef\u00fchrt.<\/p>\t\t\t\t\t\t\t\t<\/div>\n\t\t\t\t<\/div>\n\t\t\t\t<\/div>\n\t\t\t\t\t<\/div>\n\t\t\t\t<\/div>\n\t\t\t\t<\/div>\n\t\t","protected":false},"excerpt":{"rendered":"<p>05\/2021 Leitung Wettbewerb f\u00fcr Auer Weber Architekten 1. Preis &#8211; Auftrag BGF 16.970 m2 Bauherr*in: SSB Stuttgarter Stra\u00dfenbahnen AG Statik: BOLLINGER+GROHMANN Landschaft: ghl landschaftsarchitekten und stadtplaner partnerschaft mbb Haustechnik: Schreiber Ingenieure Systemplanung GmbH Perspektive: Sabine Heine architectural illustrations Modell: Homolka Modellbau GmbH Der SSB-Betriebshof in Stuttgart-Weilimdorf wurde in eine heterogene Nachbarschaft aus Industriegebiet, Wohnbebauung, Bundesstra\u00dfe [&hellip;]<\/p>\n","protected":false},"author":2,"featured_media":0,"parent":0,"menu_order":0,"comment_status":"closed","ping_status":"closed","template":"","meta":{"ocean_post_layout":"full-screen","ocean_both_sidebars_style":"","ocean_both_sidebars_content_width":0,"ocean_both_sidebars_sidebars_width":0,"ocean_sidebar":"","ocean_second_sidebar":"","ocean_disable_margins":"enable","ocean_add_body_class":"","ocean_shortcode_before_top_bar":"","ocean_shortcode_after_top_bar":"","ocean_shortcode_before_header":"","ocean_shortcode_after_header":"","ocean_has_shortcode":"","ocean_shortcode_after_title":"","ocean_shortcode_before_footer_widgets":"","ocean_shortcode_after_footer_widgets":"","ocean_shortcode_before_footer_bottom":"","ocean_shortcode_after_footer_bottom":"","ocean_display_top_bar":"off","ocean_display_header":"default","ocean_header_style":"","ocean_center_header_left_menu":"","ocean_custom_header_template":"","ocean_custom_logo":0,"ocean_custom_retina_logo":0,"ocean_custom_logo_max_width":0,"ocean_custom_logo_tablet_max_width":0,"ocean_custom_logo_mobile_max_width":0,"ocean_custom_logo_max_height":0,"ocean_custom_logo_tablet_max_height":0,"ocean_custom_logo_mobile_max_height":0,"ocean_header_custom_menu":"","ocean_menu_typo_font_family":"","ocean_menu_typo_font_subset":"","ocean_menu_typo_font_size":0,"ocean_menu_typo_font_size_tablet":0,"ocean_menu_typo_font_size_mobile":0,"ocean_menu_typo_font_size_unit":"px","ocean_menu_typo_font_weight":"","ocean_menu_typo_font_weight_tablet":"","ocean_menu_typo_font_weight_mobile":"","ocean_menu_typo_transform":"","ocean_menu_typo_transform_tablet":"","ocean_menu_typo_transform_mobile":"","ocean_menu_typo_line_height":0,"ocean_menu_typo_line_height_tablet":0,"ocean_menu_typo_line_height_mobile":0,"ocean_menu_typo_line_height_unit":"","ocean_menu_typo_spacing":0,"ocean_menu_typo_spacing_tablet":0,"ocean_menu_typo_spacing_mobile":0,"ocean_menu_typo_spacing_unit":"","ocean_menu_link_color":"","ocean_menu_link_color_hover":"","ocean_menu_link_color_active":"","ocean_menu_link_background":"","ocean_menu_link_hover_background":"","ocean_menu_link_active_background":"","ocean_menu_social_links_bg":"","ocean_menu_social_hover_links_bg":"","ocean_menu_social_links_color":"","ocean_menu_social_hover_links_color":"","ocean_disable_title":"on","ocean_disable_heading":"default","ocean_post_title":"","ocean_post_subheading":"","ocean_post_title_style":"","ocean_post_title_background_color":"","ocean_post_title_background":0,"ocean_post_title_bg_image_position":"","ocean_post_title_bg_image_attachment":"","ocean_post_title_bg_image_repeat":"","ocean_post_title_bg_image_size":"","ocean_post_title_height":0,"ocean_post_title_bg_overlay":0.5,"ocean_post_title_bg_overlay_color":"","ocean_disable_breadcrumbs":"default","ocean_breadcrumbs_color":"","ocean_breadcrumbs_separator_color":"","ocean_breadcrumbs_links_color":"","ocean_breadcrumbs_links_hover_color":"","ocean_display_footer_widgets":"off","ocean_display_footer_bottom":"off","ocean_custom_footer_template":"","footnotes":""},"class_list":["post-144","page","type-page","status-publish","hentry","entry"],"_links":{"self":[{"href":"https:\/\/www.merama.de\/index.php?rest_route=\/wp\/v2\/pages\/144","targetHints":{"allow":["GET"]}}],"collection":[{"href":"https:\/\/www.merama.de\/index.php?rest_route=\/wp\/v2\/pages"}],"about":[{"href":"https:\/\/www.merama.de\/index.php?rest_route=\/wp\/v2\/types\/page"}],"author":[{"embeddable":true,"href":"https:\/\/www.merama.de\/index.php?rest_route=\/wp\/v2\/users\/2"}],"replies":[{"embeddable":true,"href":"https:\/\/www.merama.de\/index.php?rest_route=%2Fwp%2Fv2%2Fcomments&post=144"}],"version-history":[{"count":89,"href":"https:\/\/www.merama.de\/index.php?rest_route=\/wp\/v2\/pages\/144\/revisions"}],"predecessor-version":[{"id":2177,"href":"https:\/\/www.merama.de\/index.php?rest_route=\/wp\/v2\/pages\/144\/revisions\/2177"}],"wp:attachment":[{"href":"https:\/\/www.merama.de\/index.php?rest_route=%2Fwp%2Fv2%2Fmedia&parent=144"}],"curies":[{"name":"wp","href":"https:\/\/api.w.org\/{rel}","templated":true}]}}